{"id":16250,"date":"2025-11-20T07:10:24","date_gmt":"2025-11-20T07:10:24","guid":{"rendered":"https:\/\/parreyofficial.com\/?post_type=product&#038;p=16250"},"modified":"2026-02-22T17:46:09","modified_gmt":"2026-02-22T17:46:09","slug":"meduse-top","status":"publish","type":"product","link":"https:\/\/parreyofficial.com\/vi\/san-pham\/meduse-top\/","title":{"rendered":"M\u00e9duse Top"},"content":{"rendered":"<p><b>Ch\u1ea5t li\u1ec7u<br \/>\n<\/b><span style=\"font-weight: 400;\">Namu &#8211; sustainable fabric<\/span><\/p>\n<p><b>Thi\u1ebft k\u1ebf<\/b><b><br \/>\n<\/b>A halter-style top with a chic tied-neck design, adding a touch of elegance and modernity. The bodice is delicately gathered with fine stitching, offering a gentle fit that flatters the natural silhouette. A standout sweetheart neckline detail brings a subtle sophistication to the overall design.<\/p>\n<p><b>L\u01b0u \u00fd khi s\u1eed d\u1ee5ng:<\/b><\/p>\n<ul>\n<li style=\"font-weight: 400;\" aria-level=\"1\"><span style=\"font-weight: 400;\">H\u1ea1n ch\u1ebf gi\u1eb7t m\u00e1y \u0111\u1ec3 gi\u1eef phom v\u00e0 chi ti\u1ebft \u0111\u00ednh \u0111\u00e1 b\u1ec1n \u0111\u1eb9p.<\/span><\/li>\n<li style=\"font-weight: 400;\" aria-level=\"1\"><span style=\"font-weight: 400;\">Kh\u00f4ng \u1ee7i tr\u1ef1c ti\u1ebfp l\u00ean ph\u1ea7n \u0111\u00ednh \u0111\u00e1.<\/span><\/li>\n<\/ul>","protected":false},"excerpt":{"rendered":"<p>&nbsp;<\/p>\n<p><a href=\"https:\/\/parreyofficial.com\/wp-content\/uploads\/2025\/11\/Size-Guide_Baleine.png\"><img fetchpriority=\"high\" decoding=\"async\" class=\"alignnone wp-image-16259 size-full\" src=\"https:\/\/parreyofficial.com\/wp-content\/uploads\/2025\/11\/Size-Guide_Baleine.png\" alt=\"\" width=\"1280\" height=\"973\" srcset=\"https:\/\/parreyofficial.com\/wp-content\/uploads\/2025\/11\/Size-Guide_Baleine.png 1280w, https:\/\/parreyofficial.com\/wp-content\/uploads\/2025\/11\/Size-Guide_Baleine-300x228.png 300w, https:\/\/parreyofficial.com\/wp-content\/uploads\/2025\/11\/Size-Guide_Baleine-1024x778.png 1024w, https:\/\/parreyofficial.com\/wp-content\/uploads\/2025\/11\/Size-Guide_Baleine-768x584.png 768w, https:\/\/parreyofficial.com\/wp-content\/uploads\/2025\/11\/Size-Guide_Baleine-16x12.png 16w, https:\/\/parreyofficial.com\/wp-content\/uploads\/2025\/11\/Size-Guide_Baleine-800x608.png 800w, https:\/\/parreyofficial.com\/wp-content\/uploads\/2025\/11\/Size-Guide_Baleine-64x49.png 64w\" sizes=\"(max-width: 1280px) 100vw, 1280px\" \/><\/a><\/p>\n<p>&nbsp;<\/p>\n<p><a href=\"https:\/\/parreyofficial.com\/wp-content\/uploads\/2025\/03\/Size-Guide-16.png\"><img decoding=\"async\" class=\"alignnone wp-image-15855 size-full\" src=\"https:\/\/parreyofficial.com\/wp-content\/uploads\/2025\/03\/Size-Guide-16.png\" alt=\"\" width=\"2000\" height=\"1519\" srcset=\"https:\/\/parreyofficial.com\/wp-content\/uploads\/2025\/03\/Size-Guide-16.png 2000w, https:\/\/parreyofficial.com\/wp-content\/uploads\/2025\/03\/Size-Guide-16-300x228.png 300w, https:\/\/parreyofficial.com\/wp-content\/uploads\/2025\/03\/Size-Guide-16-1024x778.png 1024w, https:\/\/parreyofficial.com\/wp-content\/uploads\/2025\/03\/Size-Guide-16-768x583.png 768w, https:\/\/parreyofficial.com\/wp-content\/uploads\/2025\/03\/Size-Guide-16-1536x1167.png 1536w, https:\/\/parreyofficial.com\/wp-content\/uploads\/2025\/03\/Size-Guide-16-16x12.png 16w, https:\/\/parreyofficial.com\/wp-content\/uploads\/2025\/03\/Size-Guide-16-1800x1367.png 1800w, https:\/\/parreyofficial.com\/wp-content\/uploads\/2025\/03\/Size-Guide-16-800x608.png 800w, https:\/\/parreyofficial.com\/wp-content\/uploads\/2025\/03\/Size-Guide-16-64x49.png 64w\" sizes=\"(max-width: 2000px) 100vw, 2000px\" \/><\/a><\/p>\n<p>&nbsp;<\/p>","protected":false},"featured_media":16209,"comment_status":"open","ping_status":"closed","template":"","meta":[],"product_brand":[],"product_cat":[107,76],"product_tag":[],"class_list":{"0":"post-16250","1":"product","2":"type-product","3":"status-publish","4":"has-post-thumbnail","6":"product_cat-new-arrivals","7":"product_cat-top","8":"pa_size-127","9":"pa_size-128","11":"first","12":"instock","13":"taxable","14":"shipping-taxable","15":"purchasable","16":"product-type-variable"},"_links":{"self":[{"href":"https:\/\/parreyofficial.com\/vi\/wp-json\/wp\/v2\/product\/16250","targetHints":{"allow":["GET"]}}],"collection":[{"href":"https:\/\/parreyofficial.com\/vi\/wp-json\/wp\/v2\/product"}],"about":[{"href":"https:\/\/parreyofficial.com\/vi\/wp-json\/wp\/v2\/types\/product"}],"replies":[{"embeddable":true,"href":"https:\/\/parreyofficial.com\/vi\/wp-json\/wp\/v2\/comments?post=16250"}],"wp:featuredmedia":[{"embeddable":true,"href":"https:\/\/parreyofficial.com\/vi\/wp-json\/wp\/v2\/media\/16209"}],"wp:attachment":[{"href":"https:\/\/parreyofficial.com\/vi\/wp-json\/wp\/v2\/media?parent=16250"}],"wp:term":[{"taxonomy":"product_brand","embeddable":true,"href":"https:\/\/parreyofficial.com\/vi\/wp-json\/wp\/v2\/product_brand?post=16250"},{"taxonomy":"product_cat","embeddable":true,"href":"https:\/\/parreyofficial.com\/vi\/wp-json\/wp\/v2\/product_cat?post=16250"},{"taxonomy":"product_tag","embeddable":true,"href":"https:\/\/parreyofficial.com\/vi\/wp-json\/wp\/v2\/product_tag?post=16250"}],"curies":[{"name":"wp","href":"https:\/\/api.w.org\/{rel}","templated":true}]}}