{"id":16227,"date":"2025-11-20T05:46:31","date_gmt":"2025-11-20T05:46:31","guid":{"rendered":"https:\/\/parreyofficial.com\/?post_type=product&#038;p=16227"},"modified":"2026-03-09T10:42:18","modified_gmt":"2026-03-09T10:42:18","slug":"minou-tee","status":"publish","type":"product","link":"https:\/\/parreyofficial.com\/vi\/san-pham\/minou-tee\/","title":{"rendered":"Minou Tee"},"content":{"rendered":"<p><b>Ch\u1ea5t li\u1ec7u<br \/>\n<\/b>Cotton Paper<\/p>\n<p><b>Thi\u1ebft k\u1ebf<\/b><b><br \/>\n<\/b>Lightweight cropped long-sleeve tee featuring adorable spring cat and round cat graphics. Finished with grey raglan stitching for a playful contrast detail.<\/p>\n<p><b>L\u01b0u \u00fd khi s\u1eed d\u1ee5ng:<\/b><\/p>\n<ul>\n<li style=\"font-weight: 400;\" aria-level=\"1\"><span style=\"font-weight: 400;\">H\u1ea1n ch\u1ebf gi\u1eb7t m\u00e1y \u0111\u1ec3 gi\u1eef phom v\u00e0 chi ti\u1ebft \u0111\u00ednh \u0111\u00e1 b\u1ec1n \u0111\u1eb9p.<\/span><\/li>\n<li style=\"font-weight: 400;\" aria-level=\"1\"><span style=\"font-weight: 400;\">Kh\u00f4ng \u1ee7i tr\u1ef1c ti\u1ebfp l\u00ean ph\u1ea7n \u0111\u00ednh \u0111\u00e1.<\/span><\/li>\n<\/ul>","protected":false},"excerpt":{"rendered":"<p>&nbsp;<\/p>\n<p>&nbsp;<\/p>\n<p>&nbsp;<\/p>\n<p><a href=\"https:\/\/parreyofficial.com\/wp-content\/uploads\/2025\/11\/Size-Guide-Minou.png\"><img fetchpriority=\"high\" decoding=\"async\" class=\"alignnone wp-image-16240 size-full\" src=\"https:\/\/parreyofficial.com\/wp-content\/uploads\/2025\/11\/Size-Guide-Minou.png\" alt=\"\" width=\"1280\" height=\"973\" srcset=\"https:\/\/parreyofficial.com\/wp-content\/uploads\/2025\/11\/Size-Guide-Minou.png 1280w, https:\/\/parreyofficial.com\/wp-content\/uploads\/2025\/11\/Size-Guide-Minou-300x228.png 300w, https:\/\/parreyofficial.com\/wp-content\/uploads\/2025\/11\/Size-Guide-Minou-1024x778.png 1024w, https:\/\/parreyofficial.com\/wp-content\/uploads\/2025\/11\/Size-Guide-Minou-768x584.png 768w, https:\/\/parreyofficial.com\/wp-content\/uploads\/2025\/11\/Size-Guide-Minou-16x12.png 16w, https:\/\/parreyofficial.com\/wp-content\/uploads\/2025\/11\/Size-Guide-Minou-800x608.png 800w, https:\/\/parreyofficial.com\/wp-content\/uploads\/2025\/11\/Size-Guide-Minou-64x49.png 64w\" sizes=\"(max-width: 1280px) 100vw, 1280px\" \/><\/a><\/p>\n<p><a href=\"https:\/\/parreyofficial.com\/wp-content\/uploads\/2025\/03\/Size-Guide-16.png\"><img decoding=\"async\" class=\"alignnone wp-image-15855 size-full\" src=\"https:\/\/parreyofficial.com\/wp-content\/uploads\/2025\/03\/Size-Guide-16.png\" alt=\"\" width=\"2000\" height=\"1519\" srcset=\"https:\/\/parreyofficial.com\/wp-content\/uploads\/2025\/03\/Size-Guide-16.png 2000w, https:\/\/parreyofficial.com\/wp-content\/uploads\/2025\/03\/Size-Guide-16-300x228.png 300w, https:\/\/parreyofficial.com\/wp-content\/uploads\/2025\/03\/Size-Guide-16-1024x778.png 1024w, https:\/\/parreyofficial.com\/wp-content\/uploads\/2025\/03\/Size-Guide-16-768x583.png 768w, https:\/\/parreyofficial.com\/wp-content\/uploads\/2025\/03\/Size-Guide-16-1536x1167.png 1536w, https:\/\/parreyofficial.com\/wp-content\/uploads\/2025\/03\/Size-Guide-16-16x12.png 16w, https:\/\/parreyofficial.com\/wp-content\/uploads\/2025\/03\/Size-Guide-16-1800x1367.png 1800w, https:\/\/parreyofficial.com\/wp-content\/uploads\/2025\/03\/Size-Guide-16-800x608.png 800w, https:\/\/parreyofficial.com\/wp-content\/uploads\/2025\/03\/Size-Guide-16-64x49.png 64w\" sizes=\"(max-width: 2000px) 100vw, 2000px\" \/><\/a><\/p>\n<p>&nbsp;<\/p>","protected":false},"featured_media":16237,"comment_status":"open","ping_status":"closed","template":"","meta":[],"product_brand":[],"product_cat":[107,124,76],"product_tag":[],"class_list":{"0":"post-16227","1":"product","2":"type-product","3":"status-publish","4":"has-post-thumbnail","6":"product_cat-new-arrivals","7":"product_cat-sale","8":"product_cat-top","9":"pa_pattern-meo-lo-xo","10":"pa_pattern-meo-noi-so","11":"pa_size-l","12":"pa_size-m","13":"pa_size-s","14":"pa_size-xl","16":"first","17":"instock","18":"taxable","19":"shipping-taxable","20":"purchasable","21":"product-type-variable"},"_links":{"self":[{"href":"https:\/\/parreyofficial.com\/vi\/wp-json\/wp\/v2\/product\/16227","targetHints":{"allow":["GET"]}}],"collection":[{"href":"https:\/\/parreyofficial.com\/vi\/wp-json\/wp\/v2\/product"}],"about":[{"href":"https:\/\/parreyofficial.com\/vi\/wp-json\/wp\/v2\/types\/product"}],"replies":[{"embeddable":true,"href":"https:\/\/parreyofficial.com\/vi\/wp-json\/wp\/v2\/comments?post=16227"}],"wp:featuredmedia":[{"embeddable":true,"href":"https:\/\/parreyofficial.com\/vi\/wp-json\/wp\/v2\/media\/16237"}],"wp:attachment":[{"href":"https:\/\/parreyofficial.com\/vi\/wp-json\/wp\/v2\/media?parent=16227"}],"wp:term":[{"taxonomy":"product_brand","embeddable":true,"href":"https:\/\/parreyofficial.com\/vi\/wp-json\/wp\/v2\/product_brand?post=16227"},{"taxonomy":"product_cat","embeddable":true,"href":"https:\/\/parreyofficial.com\/vi\/wp-json\/wp\/v2\/product_cat?post=16227"},{"taxonomy":"product_tag","embeddable":true,"href":"https:\/\/parreyofficial.com\/vi\/wp-json\/wp\/v2\/product_tag?post=16227"}],"curies":[{"name":"wp","href":"https:\/\/api.w.org\/{rel}","templated":true}]}}