{"id":15825,"date":"2025-04-15T16:02:05","date_gmt":"2025-04-15T16:02:05","guid":{"rendered":"https:\/\/parreyofficial.com\/?post_type=product&#038;p=15825"},"modified":"2025-04-15T16:02:42","modified_gmt":"2025-04-15T16:02:42","slug":"ruffle-chocolate-schunchie","status":"publish","type":"product","link":"https:\/\/parreyofficial.com\/vi\/san-pham\/ruffle-chocolate-schunchie\/","title":{"rendered":"Ruffle Chocolate Schunchie"},"content":{"rendered":"<p class=\"\" data-start=\"0\" data-end=\"98\"><strong data-start=\"0\" data-end=\"13\">Ch\u1ea5t li\u1ec7u<\/strong><br data-start=\"13\" data-end=\"16\" \/>Ch\u1ea5t v\u1ea3i m\u1ec1m m\u1ecbn, b\u00f3ng nh\u1eb9, mang l\u1ea1i c\u1ea3m gi\u00e1c tho\u1ea3i m\u00e1i khi s\u1eed d\u1ee5ng.<\/p>\n<p class=\"\" data-start=\"100\" data-end=\"260\"><strong data-start=\"100\" data-end=\"111\">Thi\u1ebft k\u1ebf<\/strong><br data-start=\"111\" data-end=\"114\" \/>Scrunchies b\u1ea3n to, h\u1ecda ti\u1ebft ch\u1ea5m bi. Ph\u1ea7n d\u00e2y thun co gi\u00e3n gi\u00fap c\u1ed1 \u0111\u1ecbnh ch\u1eafc ch\u1eafn v\u00e0 d\u1ec5 d\u00e0ng k\u1ebft h\u1ee3p v\u1edbi nhi\u1ec1u ki\u1ec3u t\u00f3c kh\u00e1c nhau.<\/p>\n<p class=\"\" data-start=\"262\" data-end=\"350\">Scrunchie diameter ranges from 5\u201315cm, making it suitable for all hair types and styles.<\/p>","protected":false},"excerpt":{"rendered":"<p>Material:Smooth, silky fabric with a subtle sheen, offering a comfortable feel when worn. Design:Features a charming bow detail at the back for a playful touch. The elastic band provides a secure fit and pairs easily with various hairstyles. Scrunchie diameter ranges from 5\u201315cm, making it suitable for all hair types and styles.<\/p>","protected":false},"featured_media":15413,"comment_status":"open","ping_status":"closed","template":"","meta":[],"product_brand":[],"product_cat":[106,107],"product_tag":[],"class_list":{"0":"post-15825","1":"product","2":"type-product","3":"status-publish","4":"has-post-thumbnail","6":"product_cat-accessories","7":"product_cat-new-arrivals","8":"pa_color-avocado","9":"pa_color-choco","10":"pa_color-cotton-candy","12":"first","13":"instock","14":"taxable","15":"shipping-taxable","16":"purchasable","17":"product-type-variable"},"_links":{"self":[{"href":"https:\/\/parreyofficial.com\/vi\/wp-json\/wp\/v2\/product\/15825","targetHints":{"allow":["GET"]}}],"collection":[{"href":"https:\/\/parreyofficial.com\/vi\/wp-json\/wp\/v2\/product"}],"about":[{"href":"https:\/\/parreyofficial.com\/vi\/wp-json\/wp\/v2\/types\/product"}],"replies":[{"embeddable":true,"href":"https:\/\/parreyofficial.com\/vi\/wp-json\/wp\/v2\/comments?post=15825"}],"wp:featuredmedia":[{"embeddable":true,"href":"https:\/\/parreyofficial.com\/vi\/wp-json\/wp\/v2\/media\/15413"}],"wp:attachment":[{"href":"https:\/\/parreyofficial.com\/vi\/wp-json\/wp\/v2\/media?parent=15825"}],"wp:term":[{"taxonomy":"product_brand","embeddable":true,"href":"https:\/\/parreyofficial.com\/vi\/wp-json\/wp\/v2\/product_brand?post=15825"},{"taxonomy":"product_cat","embeddable":true,"href":"https:\/\/parreyofficial.com\/vi\/wp-json\/wp\/v2\/product_cat?post=15825"},{"taxonomy":"product_tag","embeddable":true,"href":"https:\/\/parreyofficial.com\/vi\/wp-json\/wp\/v2\/product_tag?post=15825"}],"curies":[{"name":"wp","href":"https:\/\/api.w.org\/{rel}","templated":true}]}}