{"id":14886,"date":"2025-03-21T14:00:16","date_gmt":"2025-03-21T14:00:16","guid":{"rendered":"https:\/\/parreyofficial.com\/?post_type=product&#038;p=14886"},"modified":"2025-04-16T16:08:17","modified_gmt":"2025-04-16T16:08:17","slug":"polka-polka","status":"publish","type":"product","link":"https:\/\/parreyofficial.com\/vi\/san-pham\/polka-polka\/","title":{"rendered":"Polka Polka"},"content":{"rendered":"<p class=\"\" data-start=\"0\" data-end=\"98\"><strong data-start=\"0\" data-end=\"13\">Ch\u1ea5t li\u1ec7u<\/strong><br data-start=\"13\" data-end=\"16\" \/>Ch\u1ea5t v\u1ea3i m\u1ec1m m\u1ecbn, b\u00f3ng nh\u1eb9, mang l\u1ea1i c\u1ea3m gi\u00e1c tho\u1ea3i m\u00e1i khi s\u1eed d\u1ee5ng.<\/p>\n<p class=\"\" data-start=\"100\" data-end=\"260\"><strong data-start=\"100\" data-end=\"111\">Thi\u1ebft k\u1ebf<\/strong><br data-start=\"111\" data-end=\"114\" \/>Scrunchies b\u1ea3n to, h\u1ecda ti\u1ebft ch\u1ea5m bi. Ph\u1ea7n d\u00e2y thun co gi\u00e3n gi\u00fap c\u1ed1 \u0111\u1ecbnh ch\u1eafc ch\u1eafn v\u00e0 d\u1ec5 d\u00e0ng k\u1ebft h\u1ee3p v\u1edbi nhi\u1ec1u ki\u1ec3u t\u00f3c kh\u00e1c nhau.<\/p>\n<p class=\"\" data-start=\"262\" data-end=\"350\">\u0110\u01b0\u1eddng k\u00ednh scrunchie kho\u1ea3ng 15cm, ph\u00f9 h\u1ee3p v\u1edbi m\u1ecdi lo\u1ea1i t\u00f3c v\u00e0 phong c\u00e1ch.<\/p>","protected":false},"excerpt":{"rendered":"<p>Material:Smooth, silky fabric with a subtle sheen, offering a comfortable feel when worn. Design:Oversized scrunchies with polka dot patterns. The elastic band provides a secure hold and pairs effortlessly with various hairstyles. Scrunchie diameter ranges from 15cm, making it suitable for all hair types and styles.<\/p>","protected":false},"featured_media":15564,"comment_status":"open","ping_status":"closed","template":"","meta":[],"product_brand":[],"product_cat":[106,107],"product_tag":[],"class_list":{"0":"post-14886","1":"product","2":"type-product","3":"status-publish","4":"has-post-thumbnail","6":"product_cat-accessories","7":"product_cat-new-arrivals","9":"first","10":"instock","11":"taxable","12":"shipping-taxable","13":"purchasable","14":"product-type-simple"},"_links":{"self":[{"href":"https:\/\/parreyofficial.com\/vi\/wp-json\/wp\/v2\/product\/14886","targetHints":{"allow":["GET"]}}],"collection":[{"href":"https:\/\/parreyofficial.com\/vi\/wp-json\/wp\/v2\/product"}],"about":[{"href":"https:\/\/parreyofficial.com\/vi\/wp-json\/wp\/v2\/types\/product"}],"replies":[{"embeddable":true,"href":"https:\/\/parreyofficial.com\/vi\/wp-json\/wp\/v2\/comments?post=14886"}],"wp:featuredmedia":[{"embeddable":true,"href":"https:\/\/parreyofficial.com\/vi\/wp-json\/wp\/v2\/media\/15564"}],"wp:attachment":[{"href":"https:\/\/parreyofficial.com\/vi\/wp-json\/wp\/v2\/media?parent=14886"}],"wp:term":[{"taxonomy":"product_brand","embeddable":true,"href":"https:\/\/parreyofficial.com\/vi\/wp-json\/wp\/v2\/product_brand?post=14886"},{"taxonomy":"product_cat","embeddable":true,"href":"https:\/\/parreyofficial.com\/vi\/wp-json\/wp\/v2\/product_cat?post=14886"},{"taxonomy":"product_tag","embeddable":true,"href":"https:\/\/parreyofficial.com\/vi\/wp-json\/wp\/v2\/product_tag?post=14886"}],"curies":[{"name":"wp","href":"https:\/\/api.w.org\/{rel}","templated":true}]}}