{"id":14885,"date":"2025-03-21T13:59:45","date_gmt":"2025-03-21T13:59:45","guid":{"rendered":"https:\/\/parreyofficial.com\/?post_type=product&#038;p=14885"},"modified":"2025-04-16T16:11:12","modified_gmt":"2025-04-16T16:11:12","slug":"polka-dot","status":"publish","type":"product","link":"https:\/\/parreyofficial.com\/vi\/san-pham\/polka-dot\/","title":{"rendered":"polka dot"},"content":{"rendered":"<p><strong>Materials:<\/strong><br \/>\nCh\u1ea5t v\u1ea3i m\u1ec1m m\u1ecbn, b\u00f3ng nh\u1eb9, mang l\u1ea1i c\u1ea3m gi\u00e1c tho\u1ea3i m\u00e1i khi s\u1eed d\u1ee5ng.<\/p>\n<p><strong>Thi\u1ebft k\u1ebf<\/strong><br \/>\nCh\u1ea5t li\u1ec7u v\u1ea3i voan xuy\u00ean th\u1ea5u, trang tr\u00ed ch\u1ea5m bi. Ph\u1ea7n d\u00e2y chun co gi\u00e3n d\u1ec5 s\u1eed d\u1ee5ng<br data-start=\"140\" data-end=\"143\" \/>\u0110\u01b0\u1eddng k\u00ednh kho\u1ea3ng 7cm, ph\u00f9 h\u1ee3p v\u1edbi m\u1ecdi lo\u1ea1i t\u00f3c v\u00e0 phong c\u00e1ch<\/p>","protected":false},"excerpt":{"rendered":"<p>Materials: Smooth, silky fabric with a subtle sheen, offering a comfortable feel when worn. Design: Made from sheer chiffon fabric with polka dot detailing. The elastic band is stretchy and easy to use.With a diameter of approximately 7cm, it suits all hair types and styles.<\/p>","protected":false},"featured_media":15565,"comment_status":"open","ping_status":"closed","template":"","meta":[],"product_brand":[],"product_cat":[106,80,107],"product_tag":[],"class_list":{"0":"post-14885","1":"product","2":"type-product","3":"status-publish","4":"has-post-thumbnail","6":"product_cat-accessories","7":"product_cat-fitchic-collection","8":"product_cat-new-arrivals","10":"first","11":"instock","12":"taxable","13":"shipping-taxable","14":"purchasable","15":"product-type-simple"},"_links":{"self":[{"href":"https:\/\/parreyofficial.com\/vi\/wp-json\/wp\/v2\/product\/14885","targetHints":{"allow":["GET"]}}],"collection":[{"href":"https:\/\/parreyofficial.com\/vi\/wp-json\/wp\/v2\/product"}],"about":[{"href":"https:\/\/parreyofficial.com\/vi\/wp-json\/wp\/v2\/types\/product"}],"replies":[{"embeddable":true,"href":"https:\/\/parreyofficial.com\/vi\/wp-json\/wp\/v2\/comments?post=14885"}],"wp:featuredmedia":[{"embeddable":true,"href":"https:\/\/parreyofficial.com\/vi\/wp-json\/wp\/v2\/media\/15565"}],"wp:attachment":[{"href":"https:\/\/parreyofficial.com\/vi\/wp-json\/wp\/v2\/media?parent=14885"}],"wp:term":[{"taxonomy":"product_brand","embeddable":true,"href":"https:\/\/parreyofficial.com\/vi\/wp-json\/wp\/v2\/product_brand?post=14885"},{"taxonomy":"product_cat","embeddable":true,"href":"https:\/\/parreyofficial.com\/vi\/wp-json\/wp\/v2\/product_cat?post=14885"},{"taxonomy":"product_tag","embeddable":true,"href":"https:\/\/parreyofficial.com\/vi\/wp-json\/wp\/v2\/product_tag?post=14885"}],"curies":[{"name":"wp","href":"https:\/\/api.w.org\/{rel}","templated":true}]}}