{"id":14867,"date":"2025-03-21T13:54:39","date_gmt":"2025-03-21T13:54:39","guid":{"rendered":"https:\/\/parreyofficial.com\/?post_type=product&#038;p=14867"},"modified":"2025-11-19T09:02:27","modified_gmt":"2025-11-19T09:02:27","slug":"roudoudou-top","status":"publish","type":"product","link":"https:\/\/parreyofficial.com\/vi\/san-pham\/roudoudou-top\/","title":{"rendered":"Roudoudou Top"},"content":{"rendered":"<p><b>Ch\u1ea5t li\u1ec7u<\/b><b><br \/>\n<\/b><span style=\"font-weight: 400;\"> V\u1ea3i kate, m\u1ec1m nh\u1eb9.<\/span><\/p>\n<p><b>Thi\u1ebft k\u1ebf<\/b><b><br \/>\n<\/b><span style=\"font-weight: 400;\">\u00c1o hai d\u00e2y d\u00e1ng l\u1eedng, chi\u1ebft eo nh\u1eb9 v\u1edbi d\u00e2y th\u1eaft ph\u00eda sau c\u00f3 th\u1ec3 \u0111i\u1ec1u ch\u1ec9nh \u0111\u1ed9 chi\u1ebft eo.<\/span><span style=\"font-weight: 400;\"><br \/>\n<\/span><span style=\"font-weight: 400;\">H\u1ecda ti\u1ebft s\u1ecdc nh\u1ecf \u0111a s\u1eafc mang phong c\u00e1ch c\u1ed5 \u0111i\u1ec3n.\nN\u00fat gi\u1ea3 m\u1ed9t b\u00ean \u00e1o, c\u00f3 kh\u00f3a k\u00e9o b\u00ean h\u00f4ng.<\/span><span style=\"font-weight: 400;\"><br \/>\n<\/span><span style=\"font-weight: 400;\">\u00c1o may hai l\u1edbp, c\u00f3 t\u0103ng \u0111\u01a1 chi\u1ec1u ch\u1ec9nh \u0111\u1ed9 d\u00e0i d\u00e2y \u00e1o.<\/span><\/p>\n<p><b>L\u01b0u \u00fd khi s\u1eed d\u1ee5ng:<\/b><\/p>\n<ul>\n<li style=\"font-weight: 400;\"><span style=\"font-weight: 400;\">Hand wash or use gentle machine cycle with water under 40\u00b0C.<\/span><\/li>\n<li style=\"font-weight: 400;\"><span style=\"font-weight: 400;\">Tr\u00e1nh ng\u00e2m l\u00e2u v\u00e0 ph\u01a1i tr\u1ef1c ti\u1ebfp d\u01b0\u1edbi \u00e1nh n\u1eafng g\u1eaft \u0111\u1ec3 gi\u1eef m\u00e0u v\u1ea3i.<\/span><\/li>\n<li style=\"font-weight: 400;\"><span style=\"font-weight: 400;\">\u1ee6i \u1edf nhi\u1ec7t \u0111\u1ed9 th\u1ea5p n\u1ebfu c\u1ea7n.<\/span><\/li>\n<\/ul>","protected":false},"excerpt":{"rendered":"<p><a href=\"https:\/\/parreyofficial.com\/wp-content\/uploads\/2025\/03\/Size-Guide_roudoudou.png\"><img fetchpriority=\"high\" decoding=\"async\" class=\"alignnone wp-image-15897 size-full\" src=\"https:\/\/parreyofficial.com\/wp-content\/uploads\/2025\/03\/Size-Guide_roudoudou.png\" alt=\"\" width=\"5334\" height=\"4050\" srcset=\"https:\/\/parreyofficial.com\/wp-content\/uploads\/2025\/03\/Size-Guide_roudoudou.png 5334w, https:\/\/parreyofficial.com\/wp-content\/uploads\/2025\/03\/Size-Guide_roudoudou-300x228.png 300w, https:\/\/parreyofficial.com\/wp-content\/uploads\/2025\/03\/Size-Guide_roudoudou-1024x778.png 1024w, https:\/\/parreyofficial.com\/wp-content\/uploads\/2025\/03\/Size-Guide_roudoudou-768x583.png 768w, https:\/\/parreyofficial.com\/wp-content\/uploads\/2025\/03\/Size-Guide_roudoudou-1536x1166.png 1536w, https:\/\/parreyofficial.com\/wp-content\/uploads\/2025\/03\/Size-Guide_roudoudou-2048x1555.png 2048w, https:\/\/parreyofficial.com\/wp-content\/uploads\/2025\/03\/Size-Guide_roudoudou-16x12.png 16w, https:\/\/parreyofficial.com\/wp-content\/uploads\/2025\/03\/Size-Guide_roudoudou-1800x1367.png 1800w, https:\/\/parreyofficial.com\/wp-content\/uploads\/2025\/03\/Size-Guide_roudoudou-800x607.png 800w, https:\/\/parreyofficial.com\/wp-content\/uploads\/2025\/03\/Size-Guide_roudoudou-64x49.png 64w\" sizes=\"(max-width: 5334px) 100vw, 5334px\" \/><\/a><\/p>\n<p>&nbsp;<\/p>\n<p><a href=\"https:\/\/parreyofficial.com\/wp-content\/uploads\/2025\/03\/Size-Guide-16.png\"><img decoding=\"async\" class=\"alignnone wp-image-15855 size-full\" src=\"https:\/\/parreyofficial.com\/wp-content\/uploads\/2025\/03\/Size-Guide-16.png\" alt=\"\" width=\"2000\" height=\"1519\" srcset=\"https:\/\/parreyofficial.com\/wp-content\/uploads\/2025\/03\/Size-Guide-16.png 2000w, https:\/\/parreyofficial.com\/wp-content\/uploads\/2025\/03\/Size-Guide-16-300x228.png 300w, https:\/\/parreyofficial.com\/wp-content\/uploads\/2025\/03\/Size-Guide-16-1024x778.png 1024w, https:\/\/parreyofficial.com\/wp-content\/uploads\/2025\/03\/Size-Guide-16-768x583.png 768w, https:\/\/parreyofficial.com\/wp-content\/uploads\/2025\/03\/Size-Guide-16-1536x1167.png 1536w, https:\/\/parreyofficial.com\/wp-content\/uploads\/2025\/03\/Size-Guide-16-16x12.png 16w, https:\/\/parreyofficial.com\/wp-content\/uploads\/2025\/03\/Size-Guide-16-1800x1367.png 1800w, https:\/\/parreyofficial.com\/wp-content\/uploads\/2025\/03\/Size-Guide-16-800x608.png 800w, https:\/\/parreyofficial.com\/wp-content\/uploads\/2025\/03\/Size-Guide-16-64x49.png 64w\" sizes=\"(max-width: 2000px) 100vw, 2000px\" \/><\/a><\/p>","protected":false},"featured_media":15561,"comment_status":"open","ping_status":"closed","template":"","meta":[],"product_brand":[],"product_cat":[105,76,118],"product_tag":[],"class_list":{"0":"post-14867","1":"product","2":"type-product","3":"status-publish","4":"has-post-thumbnail","6":"product_cat-bottom","7":"product_cat-top","8":"product_cat-wanderlust-line-collection","9":"pa_size-l","10":"pa_size-m","11":"pa_size-s","13":"first","14":"instock","15":"taxable","16":"shipping-taxable","17":"purchasable","18":"product-type-variable"},"_links":{"self":[{"href":"https:\/\/parreyofficial.com\/vi\/wp-json\/wp\/v2\/product\/14867","targetHints":{"allow":["GET"]}}],"collection":[{"href":"https:\/\/parreyofficial.com\/vi\/wp-json\/wp\/v2\/product"}],"about":[{"href":"https:\/\/parreyofficial.com\/vi\/wp-json\/wp\/v2\/types\/product"}],"replies":[{"embeddable":true,"href":"https:\/\/parreyofficial.com\/vi\/wp-json\/wp\/v2\/comments?post=14867"}],"wp:featuredmedia":[{"embeddable":true,"href":"https:\/\/parreyofficial.com\/vi\/wp-json\/wp\/v2\/media\/15561"}],"wp:attachment":[{"href":"https:\/\/parreyofficial.com\/vi\/wp-json\/wp\/v2\/media?parent=14867"}],"wp:term":[{"taxonomy":"product_brand","embeddable":true,"href":"https:\/\/parreyofficial.com\/vi\/wp-json\/wp\/v2\/product_brand?post=14867"},{"taxonomy":"product_cat","embeddable":true,"href":"https:\/\/parreyofficial.com\/vi\/wp-json\/wp\/v2\/product_cat?post=14867"},{"taxonomy":"product_tag","embeddable":true,"href":"https:\/\/parreyofficial.com\/vi\/wp-json\/wp\/v2\/product_tag?post=14867"}],"curies":[{"name":"wp","href":"https:\/\/api.w.org\/{rel}","templated":true}]}}