{"id":14860,"date":"2025-03-21T13:51:28","date_gmt":"2025-03-21T13:51:28","guid":{"rendered":"https:\/\/parreyofficial.com\/?post_type=product&#038;p=14860"},"modified":"2026-02-23T05:32:40","modified_gmt":"2026-02-23T05:32:40","slug":"ribambelle-skirt","status":"publish","type":"product","link":"https:\/\/parreyofficial.com\/vi\/san-pham\/ribambelle-skirt\/","title":{"rendered":"Ribambelle Skirt"},"content":{"rendered":"<p><b>Ch\u1ea5t li\u1ec7u<\/b><b><br \/>\n<\/b><span style=\"font-weight: 400;\"> V\u1ea3i kate \/ v\u1ea3i x\u01b0\u1ee3c m\u1ec1m v\u00e0 \u0111\u1ee9ng phom<\/span><\/p>\n<p><b>Thi\u1ebft k\u1ebf<\/b><b><br \/>\n<\/b><span style=\"font-weight: 400;\"> Ch\u00e2n v\u00e1y d\u00e1ng ch\u1eef A b\u1ea5t \u0111\u1ed1i x\u1ee9ng, t\u1ea1o \u0111i\u1ec3m nh\u1ea5n \u0111\u1ed9c \u0111\u00e1o v\u00e0 hi\u1ec7n \u0111\u1ea1i.<\/span><span style=\"font-weight: 400;\"><br \/>\n<\/span><span style=\"font-weight: 400;\"> Thi\u1ebft k\u1ebf c\u1ea1p tr\u1ec5 t\u00f4n d\u00e1ng, k\u1ebft h\u1ee3p x\u1ebfp ly.<\/span><span style=\"font-weight: 400;\"><br \/>\n<\/span><span style=\"font-weight: 400;\"> H\u1ecda ti\u1ebft s\u1ecdc d\u1ecdc\/ ch\u1ea5m bi mang phong c\u00e1ch c\u1ed5 \u0111i\u1ec3n v\u00e0 nh\u1eb9 nh\u00e0ng.<\/span><span style=\"font-weight: 400;\"><br \/>\n<\/span><span style=\"font-weight: 400;\"> C\u00f3 kh\u00f3a k\u00e9o b\u00ean h\u00f4ng.<\/span><span style=\"font-weight: 400;\"><br \/>\n<\/span><span style=\"font-weight: 400;\"> C\u00f3 ba l\u1ef1a ch\u1ecdn m\u00e0u: be k\u1ebb s\u1ecdc xanh, k\u1ebb s\u1ecdc x\u00e1m v\u00e0 kem ch\u1ea5m bi<\/span><\/p>\n<p><b>L\u01b0u \u00fd khi s\u1eed d\u1ee5ng:<\/b><\/p>\n<ul>\n<li style=\"font-weight: 400;\" aria-level=\"1\"><span style=\"font-weight: 400;\">Gi\u1eb7t tay ho\u1eb7c gi\u1eb7t m\u00e1y \u1edf ch\u1ebf \u0111\u1ed9 nh\u1eb9, nhi\u1ec7t \u0111\u1ed9 d\u01b0\u1edbi 40\u00b0C<\/span><\/li>\n<li style=\"font-weight: 400;\" aria-level=\"1\"><span style=\"font-weight: 400;\">Tr\u00e1nh ng\u00e2m l\u00e2u v\u00e0 ph\u01a1i tr\u1ef1c ti\u1ebfp d\u01b0\u1edbi \u00e1nh n\u1eafng g\u1eaft \u0111\u1ec3 gi\u1eef m\u00e0u v\u1ea3i.<\/span><\/li>\n<\/ul>","protected":false},"excerpt":{"rendered":"<p><a href=\"https:\/\/parreyofficial.com\/wp-content\/uploads\/2025\/03\/Size-Guide_Ribampo.png\"><img fetchpriority=\"high\" decoding=\"async\" class=\"alignnone wp-image-15911 size-full\" src=\"https:\/\/parreyofficial.com\/wp-content\/uploads\/2025\/03\/Size-Guide_Ribampo.png\" alt=\"\" width=\"5334\" height=\"4051\" srcset=\"https:\/\/parreyofficial.com\/wp-content\/uploads\/2025\/03\/Size-Guide_Ribampo.png 5334w, https:\/\/parreyofficial.com\/wp-content\/uploads\/2025\/03\/Size-Guide_Ribampo-300x228.png 300w, https:\/\/parreyofficial.com\/wp-content\/uploads\/2025\/03\/Size-Guide_Ribampo-1024x778.png 1024w, https:\/\/parreyofficial.com\/wp-content\/uploads\/2025\/03\/Size-Guide_Ribampo-768x583.png 768w, https:\/\/parreyofficial.com\/wp-content\/uploads\/2025\/03\/Size-Guide_Ribampo-1536x1167.png 1536w, https:\/\/parreyofficial.com\/wp-content\/uploads\/2025\/03\/Size-Guide_Ribampo-2048x1555.png 2048w, https:\/\/parreyofficial.com\/wp-content\/uploads\/2025\/03\/Size-Guide_Ribampo-16x12.png 16w, https:\/\/parreyofficial.com\/wp-content\/uploads\/2025\/03\/Size-Guide_Ribampo-1800x1367.png 1800w, https:\/\/parreyofficial.com\/wp-content\/uploads\/2025\/03\/Size-Guide_Ribampo-800x608.png 800w, https:\/\/parreyofficial.com\/wp-content\/uploads\/2025\/03\/Size-Guide_Ribampo-64x49.png 64w\" sizes=\"(max-width: 5334px) 100vw, 5334px\" \/><\/a><\/p>\n<p>&nbsp;<\/p>\n<p><a href=\"https:\/\/parreyofficial.com\/wp-content\/uploads\/2025\/03\/Size-Guide-16.png\"><img decoding=\"async\" class=\"alignnone wp-image-15855 size-full\" src=\"https:\/\/parreyofficial.com\/wp-content\/uploads\/2025\/03\/Size-Guide-16.png\" alt=\"\" width=\"2000\" height=\"1519\" srcset=\"https:\/\/parreyofficial.com\/wp-content\/uploads\/2025\/03\/Size-Guide-16.png 2000w, https:\/\/parreyofficial.com\/wp-content\/uploads\/2025\/03\/Size-Guide-16-300x228.png 300w, https:\/\/parreyofficial.com\/wp-content\/uploads\/2025\/03\/Size-Guide-16-1024x778.png 1024w, https:\/\/parreyofficial.com\/wp-content\/uploads\/2025\/03\/Size-Guide-16-768x583.png 768w, https:\/\/parreyofficial.com\/wp-content\/uploads\/2025\/03\/Size-Guide-16-1536x1167.png 1536w, https:\/\/parreyofficial.com\/wp-content\/uploads\/2025\/03\/Size-Guide-16-16x12.png 16w, https:\/\/parreyofficial.com\/wp-content\/uploads\/2025\/03\/Size-Guide-16-1800x1367.png 1800w, https:\/\/parreyofficial.com\/wp-content\/uploads\/2025\/03\/Size-Guide-16-800x608.png 800w, https:\/\/parreyofficial.com\/wp-content\/uploads\/2025\/03\/Size-Guide-16-64x49.png 64w\" sizes=\"(max-width: 2000px) 100vw, 2000px\" \/><\/a><\/p>","protected":false},"featured_media":15562,"comment_status":"open","ping_status":"closed","template":"","meta":[],"product_brand":[],"product_cat":[105,77,118],"product_tag":[],"class_list":{"0":"post-14860","1":"product","2":"type-product","3":"status-publish","4":"has-post-thumbnail","6":"product_cat-bottom","7":"product_cat-skirts","8":"product_cat-wanderlust-line-collection","9":"pa_color-beige","10":"pa_color-cream-polka-dot","11":"pa_color-grey","12":"pa_size-s","13":"pa_size-m","14":"pa_size-l","15":"pa_size-xl","17":"first","18":"instock","19":"taxable","20":"shipping-taxable","21":"purchasable","22":"product-type-variable"},"_links":{"self":[{"href":"https:\/\/parreyofficial.com\/vi\/wp-json\/wp\/v2\/product\/14860","targetHints":{"allow":["GET"]}}],"collection":[{"href":"https:\/\/parreyofficial.com\/vi\/wp-json\/wp\/v2\/product"}],"about":[{"href":"https:\/\/parreyofficial.com\/vi\/wp-json\/wp\/v2\/types\/product"}],"replies":[{"embeddable":true,"href":"https:\/\/parreyofficial.com\/vi\/wp-json\/wp\/v2\/comments?post=14860"}],"wp:featuredmedia":[{"embeddable":true,"href":"https:\/\/parreyofficial.com\/vi\/wp-json\/wp\/v2\/media\/15562"}],"wp:attachment":[{"href":"https:\/\/parreyofficial.com\/vi\/wp-json\/wp\/v2\/media?parent=14860"}],"wp:term":[{"taxonomy":"product_brand","embeddable":true,"href":"https:\/\/parreyofficial.com\/vi\/wp-json\/wp\/v2\/product_brand?post=14860"},{"taxonomy":"product_cat","embeddable":true,"href":"https:\/\/parreyofficial.com\/vi\/wp-json\/wp\/v2\/product_cat?post=14860"},{"taxonomy":"product_tag","embeddable":true,"href":"https:\/\/parreyofficial.com\/vi\/wp-json\/wp\/v2\/product_tag?post=14860"}],"curies":[{"name":"wp","href":"https:\/\/api.w.org\/{rel}","templated":true}]}}