{"id":14836,"date":"2025-03-21T13:40:41","date_gmt":"2025-03-21T13:40:41","guid":{"rendered":"https:\/\/parreyofficial.com\/?post_type=product&#038;p=14836"},"modified":"2025-11-19T08:58:48","modified_gmt":"2025-11-19T08:58:48","slug":"gaufrette-bra","status":"publish","type":"product","link":"https:\/\/parreyofficial.com\/vi\/san-pham\/gaufrette-bra\/","title":{"rendered":"Gaufrette Bra"},"content":{"rendered":"<p><b>Ch\u1ea5t li\u1ec7u<\/b><b><br \/>\n<\/b><span style=\"font-weight: 400;\">V\u1ea3i cotton oxford k\u1ebb s\u1ecdc.<\/span><\/p>\n<p><b>Thi\u1ebft k\u1ebf<\/b><b><br \/>\n<\/b><span style=\"font-weight: 400;\">\u00c1o bra \u00f4m d\u00e1ng. Ph\u00eda sau c\u00f3 chun v\u00e0 n\u00fat c\u00e0i, tho\u1ea3i m\u00e1i khi m\u1eb7c\n\u00c1o \u0111\u01b0\u1ee3c may hai l\u1edbp d\u00e0y d\u1eb7n, ph\u1ea7n d\u00e2y \u00e1o c\u00f3 t\u0103ng \u0111\u1ee1 \u0111i\u1ec1u ch\u1ec9nh \u0111\u1ed9 d\u00e0i c\u1ee7a \u00e1o<\/span><\/p>\n<p><b>L\u01b0u \u00fd khi s\u1eed d\u1ee5ng:<\/b><\/p>\n<ul>\n<li style=\"font-weight: 400;\"><span style=\"font-weight: 400;\">Gi\u1eb7t tay ho\u1eb7c gi\u1eb7t m\u00e1y \u1edf ch\u1ebf \u0111\u1ed9 nh\u1eb9, nhi\u1ec7t \u0111\u1ed9 d\u01b0\u1edbi 40\u00b0C<\/span><\/li>\n<li style=\"font-weight: 400;\"><span style=\"font-weight: 400;\">Tr\u00e1nh ng\u00e2m l\u00e2u v\u00e0 ph\u01a1i tr\u1ef1c ti\u1ebfp d\u01b0\u1edbi \u00e1nh n\u1eafng g\u1eaft \u0111\u1ec3 gi\u1eef m\u00e0u v\u1ea3i.<\/span><\/li>\n<\/ul>","protected":false},"excerpt":{"rendered":"<p><a href=\"https:\/\/parreyofficial.com\/wp-content\/uploads\/2025\/03\/Size-Guide_Gaufrette.png\"><img fetchpriority=\"high\" decoding=\"async\" class=\"alignnone wp-image-15905 size-full\" src=\"https:\/\/parreyofficial.com\/wp-content\/uploads\/2025\/03\/Size-Guide_Gaufrette.png\" alt=\"\" width=\"5334\" height=\"4051\" srcset=\"https:\/\/parreyofficial.com\/wp-content\/uploads\/2025\/03\/Size-Guide_Gaufrette.png 5334w, https:\/\/parreyofficial.com\/wp-content\/uploads\/2025\/03\/Size-Guide_Gaufrette-300x228.png 300w, https:\/\/parreyofficial.com\/wp-content\/uploads\/2025\/03\/Size-Guide_Gaufrette-1024x778.png 1024w, https:\/\/parreyofficial.com\/wp-content\/uploads\/2025\/03\/Size-Guide_Gaufrette-768x583.png 768w, https:\/\/parreyofficial.com\/wp-content\/uploads\/2025\/03\/Size-Guide_Gaufrette-1536x1167.png 1536w, https:\/\/parreyofficial.com\/wp-content\/uploads\/2025\/03\/Size-Guide_Gaufrette-2048x1555.png 2048w, https:\/\/parreyofficial.com\/wp-content\/uploads\/2025\/03\/Size-Guide_Gaufrette-16x12.png 16w, https:\/\/parreyofficial.com\/wp-content\/uploads\/2025\/03\/Size-Guide_Gaufrette-1800x1367.png 1800w, https:\/\/parreyofficial.com\/wp-content\/uploads\/2025\/03\/Size-Guide_Gaufrette-800x608.png 800w, https:\/\/parreyofficial.com\/wp-content\/uploads\/2025\/03\/Size-Guide_Gaufrette-64x49.png 64w\" sizes=\"(max-width: 5334px) 100vw, 5334px\" \/><\/a><\/p>\n<p>&nbsp;<\/p>\n<p><a href=\"https:\/\/parreyofficial.com\/wp-content\/uploads\/2025\/03\/Size-Guide-16.png\"><img decoding=\"async\" class=\"alignnone wp-image-15855 size-full\" src=\"https:\/\/parreyofficial.com\/wp-content\/uploads\/2025\/03\/Size-Guide-16.png\" alt=\"\" width=\"2000\" height=\"1519\" srcset=\"https:\/\/parreyofficial.com\/wp-content\/uploads\/2025\/03\/Size-Guide-16.png 2000w, https:\/\/parreyofficial.com\/wp-content\/uploads\/2025\/03\/Size-Guide-16-300x228.png 300w, https:\/\/parreyofficial.com\/wp-content\/uploads\/2025\/03\/Size-Guide-16-1024x778.png 1024w, https:\/\/parreyofficial.com\/wp-content\/uploads\/2025\/03\/Size-Guide-16-768x583.png 768w, https:\/\/parreyofficial.com\/wp-content\/uploads\/2025\/03\/Size-Guide-16-1536x1167.png 1536w, https:\/\/parreyofficial.com\/wp-content\/uploads\/2025\/03\/Size-Guide-16-16x12.png 16w, https:\/\/parreyofficial.com\/wp-content\/uploads\/2025\/03\/Size-Guide-16-1800x1367.png 1800w, https:\/\/parreyofficial.com\/wp-content\/uploads\/2025\/03\/Size-Guide-16-800x608.png 800w, https:\/\/parreyofficial.com\/wp-content\/uploads\/2025\/03\/Size-Guide-16-64x49.png 64w\" sizes=\"(max-width: 2000px) 100vw, 2000px\" \/><\/a><\/p>","protected":false},"featured_media":15559,"comment_status":"open","ping_status":"closed","template":"","meta":[],"product_brand":[],"product_cat":[76,118],"product_tag":[],"class_list":{"0":"post-14836","1":"product","2":"type-product","3":"status-publish","4":"has-post-thumbnail","6":"product_cat-top","7":"product_cat-wanderlust-line-collection","8":"pa_size-m","9":"pa_size-s","11":"first","12":"instock","13":"taxable","14":"shipping-taxable","15":"purchasable","16":"product-type-variable"},"_links":{"self":[{"href":"https:\/\/parreyofficial.com\/vi\/wp-json\/wp\/v2\/product\/14836","targetHints":{"allow":["GET"]}}],"collection":[{"href":"https:\/\/parreyofficial.com\/vi\/wp-json\/wp\/v2\/product"}],"about":[{"href":"https:\/\/parreyofficial.com\/vi\/wp-json\/wp\/v2\/types\/product"}],"replies":[{"embeddable":true,"href":"https:\/\/parreyofficial.com\/vi\/wp-json\/wp\/v2\/comments?post=14836"}],"wp:featuredmedia":[{"embeddable":true,"href":"https:\/\/parreyofficial.com\/vi\/wp-json\/wp\/v2\/media\/15559"}],"wp:attachment":[{"href":"https:\/\/parreyofficial.com\/vi\/wp-json\/wp\/v2\/media?parent=14836"}],"wp:term":[{"taxonomy":"product_brand","embeddable":true,"href":"https:\/\/parreyofficial.com\/vi\/wp-json\/wp\/v2\/product_brand?post=14836"},{"taxonomy":"product_cat","embeddable":true,"href":"https:\/\/parreyofficial.com\/vi\/wp-json\/wp\/v2\/product_cat?post=14836"},{"taxonomy":"product_tag","embeddable":true,"href":"https:\/\/parreyofficial.com\/vi\/wp-json\/wp\/v2\/product_tag?post=14836"}],"curies":[{"name":"wp","href":"https:\/\/api.w.org\/{rel}","templated":true}]}}