{"id":14828,"date":"2025-03-21T13:17:41","date_gmt":"2025-03-21T13:17:41","guid":{"rendered":"https:\/\/parreyofficial.com\/?post_type=product&#038;p=14828"},"modified":"2026-02-22T17:46:09","modified_gmt":"2026-02-22T17:46:09","slug":"dashey","status":"publish","type":"product","link":"https:\/\/parreyofficial.com\/vi\/san-pham\/dashey\/","title":{"rendered":"Dashey Top"},"content":{"rendered":"<p class=\"\" data-start=\"0\" data-end=\"77\"><strong data-start=\"0\" data-end=\"13\">Ch\u1ea5t li\u1ec7u<\/strong><br data-start=\"13\" data-end=\"16\" \/>Thun g\u00e2n co gi\u00e3n nh\u1eb9, kh\u00f4ng x\u00f9, kh\u00f4ng g\u00e2y ng\u1ee9a.<\/p>\n<p class=\"\" data-start=\"79\" data-end=\"329\"><strong data-start=\"79\" data-end=\"90\">Thi\u1ebft k\u1ebf<\/strong><br data-start=\"90\" data-end=\"93\" \/>\u00c1o thun d\u00e1ng \u00f4m, tay h\u1ebfn, chi\u1ebft eo t\u00f4n d\u00e1ng. C\u1ed5 \u00e1o l\u1ea5y c\u1ea3m h\u1ee9ng t\u1eeb c\u1ed5 polo truy\u1ec1n th\u1ed1ng, t\u1ea1o \u0111i\u1ec3m nh\u1ea5n tinh t\u1ebf. H\u1ecda ti\u1ebft graphic k\u1ebft h\u1ee3p \u0111\u00ednh \u0111\u00e1 \u0111en n\u1ed5i b\u1eadt.<\/p>\n<p class=\"\" data-start=\"331\" data-end=\"355\"><strong data-start=\"331\" data-end=\"353\">L\u01b0u \u00fd khi s\u1eed d\u1ee5ng:<\/strong><\/p>\n<ul data-start=\"356\" data-end=\"477\" data-is-last-node=\"\" data-is-only-node=\"\">\n<li class=\"\" data-start=\"356\" data-end=\"432\">\n<p class=\"\" data-start=\"358\" data-end=\"432\">H\u1ea1n ch\u1ebf gi\u1eb7t m\u00e1y \u0111\u1ec3 gi\u1eef phom \u00e1o v\u00e0 \u0111\u1ed9 b\u1ec1n c\u1ee7a chi ti\u1ebft \u0111\u00ednh \u0111\u00e1.<\/p>\n<\/li>\n<li class=\"\" data-start=\"433\" data-end=\"477\">\n<p class=\"\" data-start=\"435\" data-end=\"477\">Kh\u00f4ng \u1ee7i tr\u1ef1c ti\u1ebfp l\u00ean ph\u1ea7n \u0111\u00ednh \u0111\u00e1.<\/p>\n<\/li>\n<\/ul>","protected":false},"excerpt":{"rendered":"<p><a href=\"https:\/\/parreyofficial.com\/wp-content\/uploads\/2025\/03\/Size-Guide_dashey.png\"><img fetchpriority=\"high\" decoding=\"async\" class=\"alignnone wp-image-15903 size-full\" src=\"https:\/\/parreyofficial.com\/wp-content\/uploads\/2025\/03\/Size-Guide_dashey.png\" alt=\"\" width=\"5334\" height=\"4051\" srcset=\"https:\/\/parreyofficial.com\/wp-content\/uploads\/2025\/03\/Size-Guide_dashey.png 5334w, https:\/\/parreyofficial.com\/wp-content\/uploads\/2025\/03\/Size-Guide_dashey-300x228.png 300w, https:\/\/parreyofficial.com\/wp-content\/uploads\/2025\/03\/Size-Guide_dashey-1024x778.png 1024w, https:\/\/parreyofficial.com\/wp-content\/uploads\/2025\/03\/Size-Guide_dashey-768x583.png 768w, https:\/\/parreyofficial.com\/wp-content\/uploads\/2025\/03\/Size-Guide_dashey-1536x1167.png 1536w, https:\/\/parreyofficial.com\/wp-content\/uploads\/2025\/03\/Size-Guide_dashey-2048x1555.png 2048w, https:\/\/parreyofficial.com\/wp-content\/uploads\/2025\/03\/Size-Guide_dashey-16x12.png 16w, https:\/\/parreyofficial.com\/wp-content\/uploads\/2025\/03\/Size-Guide_dashey-1800x1367.png 1800w, https:\/\/parreyofficial.com\/wp-content\/uploads\/2025\/03\/Size-Guide_dashey-800x608.png 800w, https:\/\/parreyofficial.com\/wp-content\/uploads\/2025\/03\/Size-Guide_dashey-64x49.png 64w\" sizes=\"(max-width: 5334px) 100vw, 5334px\" \/><\/a><\/p>\n<p>&nbsp;<\/p>\n<p><a href=\"https:\/\/parreyofficial.com\/wp-content\/uploads\/2025\/03\/Size-Guide-16.png\"><img decoding=\"async\" class=\"alignnone wp-image-15855 size-large\" src=\"https:\/\/parreyofficial.com\/wp-content\/uploads\/2025\/03\/Size-Guide-16-1024x778.png\" alt=\"\" width=\"960\" height=\"729\" srcset=\"https:\/\/parreyofficial.com\/wp-content\/uploads\/2025\/03\/Size-Guide-16-1024x778.png 1024w, https:\/\/parreyofficial.com\/wp-content\/uploads\/2025\/03\/Size-Guide-16-300x228.png 300w, https:\/\/parreyofficial.com\/wp-content\/uploads\/2025\/03\/Size-Guide-16-768x583.png 768w, https:\/\/parreyofficial.com\/wp-content\/uploads\/2025\/03\/Size-Guide-16-1536x1167.png 1536w, https:\/\/parreyofficial.com\/wp-content\/uploads\/2025\/03\/Size-Guide-16-16x12.png 16w, https:\/\/parreyofficial.com\/wp-content\/uploads\/2025\/03\/Size-Guide-16-1800x1367.png 1800w, https:\/\/parreyofficial.com\/wp-content\/uploads\/2025\/03\/Size-Guide-16-800x608.png 800w, https:\/\/parreyofficial.com\/wp-content\/uploads\/2025\/03\/Size-Guide-16-64x49.png 64w, https:\/\/parreyofficial.com\/wp-content\/uploads\/2025\/03\/Size-Guide-16.png 2000w\" sizes=\"(max-width: 960px) 100vw, 960px\" \/><\/a><\/p>","protected":false},"featured_media":15550,"comment_status":"open","ping_status":"closed","template":"","meta":[],"product_brand":[],"product_cat":[76,118],"product_tag":[],"class_list":{"0":"post-14828","1":"product","2":"type-product","3":"status-publish","4":"has-post-thumbnail","6":"product_cat-top","7":"product_cat-wanderlust-line-collection","8":"pa_size-l","9":"pa_size-m","10":"pa_size-s","12":"first","13":"instock","14":"taxable","15":"shipping-taxable","16":"purchasable","17":"product-type-variable"},"_links":{"self":[{"href":"https:\/\/parreyofficial.com\/vi\/wp-json\/wp\/v2\/product\/14828","targetHints":{"allow":["GET"]}}],"collection":[{"href":"https:\/\/parreyofficial.com\/vi\/wp-json\/wp\/v2\/product"}],"about":[{"href":"https:\/\/parreyofficial.com\/vi\/wp-json\/wp\/v2\/types\/product"}],"replies":[{"embeddable":true,"href":"https:\/\/parreyofficial.com\/vi\/wp-json\/wp\/v2\/comments?post=14828"}],"wp:featuredmedia":[{"embeddable":true,"href":"https:\/\/parreyofficial.com\/vi\/wp-json\/wp\/v2\/media\/15550"}],"wp:attachment":[{"href":"https:\/\/parreyofficial.com\/vi\/wp-json\/wp\/v2\/media?parent=14828"}],"wp:term":[{"taxonomy":"product_brand","embeddable":true,"href":"https:\/\/parreyofficial.com\/vi\/wp-json\/wp\/v2\/product_brand?post=14828"},{"taxonomy":"product_cat","embeddable":true,"href":"https:\/\/parreyofficial.com\/vi\/wp-json\/wp\/v2\/product_cat?post=14828"},{"taxonomy":"product_tag","embeddable":true,"href":"https:\/\/parreyofficial.com\/vi\/wp-json\/wp\/v2\/product_tag?post=14828"}],"curies":[{"name":"wp","href":"https:\/\/api.w.org\/{rel}","templated":true}]}}