{"id":14821,"date":"2025-03-21T13:16:30","date_gmt":"2025-03-21T13:16:30","guid":{"rendered":"https:\/\/parreyofficial.com\/?post_type=product&#038;p=14821"},"modified":"2026-03-09T06:15:16","modified_gmt":"2026-03-09T06:15:16","slug":"choupette-top","status":"publish","type":"product","link":"https:\/\/parreyofficial.com\/vi\/san-pham\/choupette-top\/","title":{"rendered":"Choupette top"},"content":{"rendered":"<p class=\"\" data-start=\"50\" data-end=\"127\"><strong data-start=\"50\" data-end=\"63\">Ch\u1ea5t li\u1ec7u<\/strong><br data-start=\"63\" data-end=\"66\" \/>V\u1ea3i cotton Oxford \/ v\u1ea3i b\u00f4i th\u00eau ph\u1ed1i c\u00f9ng cotton m\u1ec1m m\u1ea1i.<\/p>\n<p class=\"\" data-start=\"129\" data-end=\"369\"><strong data-start=\"129\" data-end=\"140\">Thi\u1ebft k\u1ebf<\/strong><br data-start=\"140\" data-end=\"143\" \/>\u00c1o \u0111\u01b0\u1ee3c c\u00e1ch \u0111i\u1ec7u tinh t\u1ebf v\u1edbi s\u1ef1 k\u1ebft h\u1ee3p c\u1ee7a hai ch\u1ea5t li\u1ec7u.\n\nPh\u1ea7n ng\u1ef1c bo vi\u1ec1n cong nh\u1eb9 nh\u00e0ng c\u00f9ng chi ti\u1ebft nh\u00fan n\u1eef t\u00ednh, th\u00e2n \u00e1o chi\u1ebft eo v\u00e0 tay \u00e1o su\u00f4ng t\u1ea1o n\u00ean t\u1ed5ng th\u1ec3 thanh l\u1ecbch, nh\u1eb9 nh\u00e0ng nh\u01b0ng v\u1eabn n\u1ed5i b\u1eadt.<\/p>\n<p class=\"\" data-start=\"371\" data-end=\"395\"><strong data-start=\"371\" data-end=\"393\">L\u01b0u \u00fd khi s\u1eed d\u1ee5ng:<\/strong><\/p>\n<ul data-start=\"396\" data-end=\"507\">\n<li class=\"\" data-start=\"396\" data-end=\"433\">\n<p class=\"\" data-start=\"398\" data-end=\"433\">Gi\u1eb7t b\u1eb1ng n\u01b0\u1edbc \u1edf nhi\u1ec7t \u0111\u1ed9 40\u00b0C ho\u1eb7c th\u1ea5p h\u01a1n.<\/p>\n<\/li>\n<li class=\"\" data-start=\"434\" data-end=\"507\">\n<p class=\"\" data-start=\"436\" data-end=\"507\">Tr\u00e1nh ph\u01a1i d\u01b0\u1edbi \u00e1nh n\u1eafng tr\u1ef1c ti\u1ebfp \u0111\u1ec3 gi\u1eef m\u00e0u s\u1eafc v\u00e0 \u0111\u1ed9 b\u1ec1n c\u1ee7a s\u1ea3n ph\u1ea9m.<\/p>\n<\/li>\n<\/ul>","protected":false},"excerpt":{"rendered":"<p><a href=\"https:\/\/parreyofficial.com\/wp-content\/uploads\/2025\/03\/Size-Guide_Choupette.png\"><img fetchpriority=\"high\" decoding=\"async\" class=\"alignnone wp-image-15902 size-full\" src=\"https:\/\/parreyofficial.com\/wp-content\/uploads\/2025\/03\/Size-Guide_Choupette.png\" alt=\"\" width=\"5334\" height=\"4050\" srcset=\"https:\/\/parreyofficial.com\/wp-content\/uploads\/2025\/03\/Size-Guide_Choupette.png 5334w, https:\/\/parreyofficial.com\/wp-content\/uploads\/2025\/03\/Size-Guide_Choupette-300x228.png 300w, https:\/\/parreyofficial.com\/wp-content\/uploads\/2025\/03\/Size-Guide_Choupette-1024x778.png 1024w, https:\/\/parreyofficial.com\/wp-content\/uploads\/2025\/03\/Size-Guide_Choupette-768x583.png 768w, https:\/\/parreyofficial.com\/wp-content\/uploads\/2025\/03\/Size-Guide_Choupette-1536x1166.png 1536w, https:\/\/parreyofficial.com\/wp-content\/uploads\/2025\/03\/Size-Guide_Choupette-2048x1555.png 2048w, https:\/\/parreyofficial.com\/wp-content\/uploads\/2025\/03\/Size-Guide_Choupette-16x12.png 16w, https:\/\/parreyofficial.com\/wp-content\/uploads\/2025\/03\/Size-Guide_Choupette-1800x1367.png 1800w, https:\/\/parreyofficial.com\/wp-content\/uploads\/2025\/03\/Size-Guide_Choupette-800x607.png 800w, https:\/\/parreyofficial.com\/wp-content\/uploads\/2025\/03\/Size-Guide_Choupette-64x49.png 64w\" sizes=\"(max-width: 5334px) 100vw, 5334px\" \/><\/a><\/p>\n<p>&nbsp;<\/p>\n<p><a href=\"https:\/\/parreyofficial.com\/wp-content\/uploads\/2025\/03\/Size-Guide-16.png\"><img decoding=\"async\" class=\"alignnone wp-image-15855 size-full\" src=\"https:\/\/parreyofficial.com\/wp-content\/uploads\/2025\/03\/Size-Guide-16.png\" alt=\"\" width=\"2000\" height=\"1519\" srcset=\"https:\/\/parreyofficial.com\/wp-content\/uploads\/2025\/03\/Size-Guide-16.png 2000w, https:\/\/parreyofficial.com\/wp-content\/uploads\/2025\/03\/Size-Guide-16-300x228.png 300w, https:\/\/parreyofficial.com\/wp-content\/uploads\/2025\/03\/Size-Guide-16-1024x778.png 1024w, https:\/\/parreyofficial.com\/wp-content\/uploads\/2025\/03\/Size-Guide-16-768x583.png 768w, https:\/\/parreyofficial.com\/wp-content\/uploads\/2025\/03\/Size-Guide-16-1536x1167.png 1536w, https:\/\/parreyofficial.com\/wp-content\/uploads\/2025\/03\/Size-Guide-16-16x12.png 16w, https:\/\/parreyofficial.com\/wp-content\/uploads\/2025\/03\/Size-Guide-16-1800x1367.png 1800w, https:\/\/parreyofficial.com\/wp-content\/uploads\/2025\/03\/Size-Guide-16-800x608.png 800w, https:\/\/parreyofficial.com\/wp-content\/uploads\/2025\/03\/Size-Guide-16-64x49.png 64w\" sizes=\"(max-width: 2000px) 100vw, 2000px\" \/><\/a><\/p>","protected":false},"featured_media":15551,"comment_status":"open","ping_status":"closed","template":"","meta":[],"product_brand":[],"product_cat":[80,76],"product_tag":[],"class_list":{"0":"post-14821","1":"product","2":"type-product","3":"status-publish","4":"has-post-thumbnail","6":"product_cat-fitchic-collection","7":"product_cat-top","8":"pa_color-blue","9":"pa_color-white","10":"pa_size-m","11":"pa_size-s","13":"first","14":"instock","15":"taxable","16":"shipping-taxable","17":"purchasable","18":"product-type-variable"},"_links":{"self":[{"href":"https:\/\/parreyofficial.com\/vi\/wp-json\/wp\/v2\/product\/14821","targetHints":{"allow":["GET"]}}],"collection":[{"href":"https:\/\/parreyofficial.com\/vi\/wp-json\/wp\/v2\/product"}],"about":[{"href":"https:\/\/parreyofficial.com\/vi\/wp-json\/wp\/v2\/types\/product"}],"replies":[{"embeddable":true,"href":"https:\/\/parreyofficial.com\/vi\/wp-json\/wp\/v2\/comments?post=14821"}],"wp:featuredmedia":[{"embeddable":true,"href":"https:\/\/parreyofficial.com\/vi\/wp-json\/wp\/v2\/media\/15551"}],"wp:attachment":[{"href":"https:\/\/parreyofficial.com\/vi\/wp-json\/wp\/v2\/media?parent=14821"}],"wp:term":[{"taxonomy":"product_brand","embeddable":true,"href":"https:\/\/parreyofficial.com\/vi\/wp-json\/wp\/v2\/product_brand?post=14821"},{"taxonomy":"product_cat","embeddable":true,"href":"https:\/\/parreyofficial.com\/vi\/wp-json\/wp\/v2\/product_cat?post=14821"},{"taxonomy":"product_tag","embeddable":true,"href":"https:\/\/parreyofficial.com\/vi\/wp-json\/wp\/v2\/product_tag?post=14821"}],"curies":[{"name":"wp","href":"https:\/\/api.w.org\/{rel}","templated":true}]}}