{"id":14810,"date":"2025-03-21T13:12:17","date_gmt":"2025-03-21T13:12:17","guid":{"rendered":"https:\/\/parreyofficial.com\/?post_type=product&#038;p=14810"},"modified":"2025-11-19T09:01:01","modified_gmt":"2025-11-19T09:01:01","slug":"chicken-chic-tee","status":"publish","type":"product","link":"https:\/\/parreyofficial.com\/vi\/san-pham\/chicken-chic-tee\/","title":{"rendered":"Chicken Chic Tee"},"content":{"rendered":"<p class=\"\" data-start=\"0\" data-end=\"71\"><strong data-start=\"0\" data-end=\"13\">Ch\u1ea5t li\u1ec7u<\/strong><br data-start=\"13\" data-end=\"16\" \/>V\u1ea3i thun cotton 100%, m\u1ec1m m\u1ea1i v\u00e0 tho\u00e1ng kh\u00ed.<\/p>\n<p class=\"\" data-start=\"73\" data-end=\"292\"><strong data-start=\"73\" data-end=\"84\">Thi\u1ebft k\u1ebf<\/strong><br data-start=\"84\" data-end=\"87\" \/>\u00c1o thun tay ng\u1eafn phom baby tee, \u00f4m ng\u01b0\u1eddi v\u1eeba ph\u1ea3i in h\u00ecnh graphic.C\u00e1c \u0111\u01b0\u1eddng vi\u1ec1n c\u1ed5, tay \u00e1o v\u00e0 g\u1ea5u \u00e1o \u0111\u01b0\u1ee3c may ch\u1ec9 m\u00e0u t\u01b0\u01a1ng ph\u1ea3n theo \u0111\u01b0\u1eddng zic zac.<br data-start=\"250\" data-end=\"253\" \/>\u00c1o c\u00f3 2 m\u00e0u l\u1ef1a ch\u1ecdn: Xanh c\u1ed5 v\u1ecbt v\u00e0 xanh d\u01b0\u01a1ng<\/p>\n<p class=\"\" data-start=\"294\" data-end=\"318\"><strong data-start=\"294\" data-end=\"316\">L\u01b0u \u00fd khi s\u1eed d\u1ee5ng:<\/strong><\/p>\n<ul data-start=\"319\" data-end=\"432\" data-is-last-node=\"\" data-is-only-node=\"\">\n<li class=\"\" data-start=\"319\" data-end=\"354\">\n<p class=\"\" data-start=\"321\" data-end=\"354\">Gi\u1eb7t b\u1eb1ng n\u01b0\u1edbc \u1edf nhi\u1ec7t \u0111\u1ed9 40\u00b0C ho\u1eb7c th\u1ea5p h\u01a1n.<\/p>\n<\/li>\n<li class=\"\" data-start=\"355\" data-end=\"432\">\n<p class=\"\" data-start=\"357\" data-end=\"432\">Tr\u00e1nh ph\u01a1i d\u01b0\u1edbi \u00e1nh n\u1eafng tr\u1ef1c ti\u1ebfp \u0111\u1ec3 gi\u1eef m\u00e0u s\u1eafc v\u00e0 \u0111\u1ed9 b\u1ec1n c\u1ee7a s\u1ea3n ph\u1ea9m.<\/p>\n<\/li>\n<\/ul>","protected":false},"excerpt":{"rendered":"<p><a href=\"https:\/\/parreyofficial.com\/wp-content\/uploads\/2025\/03\/Size-Guide_Chicken-Chic.png\"><img fetchpriority=\"high\" decoding=\"async\" class=\"alignnone wp-image-15901 size-full\" src=\"https:\/\/parreyofficial.com\/wp-content\/uploads\/2025\/03\/Size-Guide_Chicken-Chic.png\" alt=\"\" width=\"5334\" height=\"4050\" srcset=\"https:\/\/parreyofficial.com\/wp-content\/uploads\/2025\/03\/Size-Guide_Chicken-Chic.png 5334w, https:\/\/parreyofficial.com\/wp-content\/uploads\/2025\/03\/Size-Guide_Chicken-Chic-300x228.png 300w, https:\/\/parreyofficial.com\/wp-content\/uploads\/2025\/03\/Size-Guide_Chicken-Chic-1024x778.png 1024w, https:\/\/parreyofficial.com\/wp-content\/uploads\/2025\/03\/Size-Guide_Chicken-Chic-768x583.png 768w, https:\/\/parreyofficial.com\/wp-content\/uploads\/2025\/03\/Size-Guide_Chicken-Chic-1536x1166.png 1536w, https:\/\/parreyofficial.com\/wp-content\/uploads\/2025\/03\/Size-Guide_Chicken-Chic-2048x1555.png 2048w, https:\/\/parreyofficial.com\/wp-content\/uploads\/2025\/03\/Size-Guide_Chicken-Chic-16x12.png 16w, https:\/\/parreyofficial.com\/wp-content\/uploads\/2025\/03\/Size-Guide_Chicken-Chic-1800x1367.png 1800w, https:\/\/parreyofficial.com\/wp-content\/uploads\/2025\/03\/Size-Guide_Chicken-Chic-800x607.png 800w, https:\/\/parreyofficial.com\/wp-content\/uploads\/2025\/03\/Size-Guide_Chicken-Chic-64x49.png 64w\" sizes=\"(max-width: 5334px) 100vw, 5334px\" \/><\/a><\/p>\n<p>&nbsp;<\/p>\n<p><a href=\"https:\/\/parreyofficial.com\/wp-content\/uploads\/2025\/03\/Size-Guide-16.png\"><img decoding=\"async\" class=\"alignnone wp-image-15855 size-full\" src=\"https:\/\/parreyofficial.com\/wp-content\/uploads\/2025\/03\/Size-Guide-16.png\" alt=\"\" width=\"2000\" height=\"1519\" srcset=\"https:\/\/parreyofficial.com\/wp-content\/uploads\/2025\/03\/Size-Guide-16.png 2000w, https:\/\/parreyofficial.com\/wp-content\/uploads\/2025\/03\/Size-Guide-16-300x228.png 300w, https:\/\/parreyofficial.com\/wp-content\/uploads\/2025\/03\/Size-Guide-16-1024x778.png 1024w, https:\/\/parreyofficial.com\/wp-content\/uploads\/2025\/03\/Size-Guide-16-768x583.png 768w, https:\/\/parreyofficial.com\/wp-content\/uploads\/2025\/03\/Size-Guide-16-1536x1167.png 1536w, https:\/\/parreyofficial.com\/wp-content\/uploads\/2025\/03\/Size-Guide-16-16x12.png 16w, https:\/\/parreyofficial.com\/wp-content\/uploads\/2025\/03\/Size-Guide-16-1800x1367.png 1800w, https:\/\/parreyofficial.com\/wp-content\/uploads\/2025\/03\/Size-Guide-16-800x608.png 800w, https:\/\/parreyofficial.com\/wp-content\/uploads\/2025\/03\/Size-Guide-16-64x49.png 64w\" sizes=\"(max-width: 2000px) 100vw, 2000px\" \/><\/a><\/p>","protected":false},"featured_media":15555,"comment_status":"open","ping_status":"closed","template":"","meta":[],"product_brand":[],"product_cat":[76,118],"product_tag":[],"class_list":{"0":"post-14810","1":"product","2":"type-product","3":"status-publish","4":"has-post-thumbnail","6":"product_cat-top","7":"product_cat-wanderlust-line-collection","8":"pa_pattern-116","9":"pa_pattern-117","10":"pa_size-l","11":"pa_size-m","12":"pa_size-s","14":"first","15":"instock","16":"taxable","17":"shipping-taxable","18":"purchasable","19":"product-type-variable"},"_links":{"self":[{"href":"https:\/\/parreyofficial.com\/vi\/wp-json\/wp\/v2\/product\/14810","targetHints":{"allow":["GET"]}}],"collection":[{"href":"https:\/\/parreyofficial.com\/vi\/wp-json\/wp\/v2\/product"}],"about":[{"href":"https:\/\/parreyofficial.com\/vi\/wp-json\/wp\/v2\/types\/product"}],"replies":[{"embeddable":true,"href":"https:\/\/parreyofficial.com\/vi\/wp-json\/wp\/v2\/comments?post=14810"}],"wp:featuredmedia":[{"embeddable":true,"href":"https:\/\/parreyofficial.com\/vi\/wp-json\/wp\/v2\/media\/15555"}],"wp:attachment":[{"href":"https:\/\/parreyofficial.com\/vi\/wp-json\/wp\/v2\/media?parent=14810"}],"wp:term":[{"taxonomy":"product_brand","embeddable":true,"href":"https:\/\/parreyofficial.com\/vi\/wp-json\/wp\/v2\/product_brand?post=14810"},{"taxonomy":"product_cat","embeddable":true,"href":"https:\/\/parreyofficial.com\/vi\/wp-json\/wp\/v2\/product_cat?post=14810"},{"taxonomy":"product_tag","embeddable":true,"href":"https:\/\/parreyofficial.com\/vi\/wp-json\/wp\/v2\/product_tag?post=14810"}],"curies":[{"name":"wp","href":"https:\/\/api.w.org\/{rel}","templated":true}]}}