{"id":14797,"date":"2025-03-21T13:08:30","date_gmt":"2025-03-21T13:08:30","guid":{"rendered":"https:\/\/parreyofficial.com\/?post_type=product&#038;p=14797"},"modified":"2025-11-19T09:05:48","modified_gmt":"2025-11-19T09:05:48","slug":"chantilly-top","status":"publish","type":"product","link":"https:\/\/parreyofficial.com\/vi\/san-pham\/chantilly-top\/","title":{"rendered":"Chantilly top"},"content":{"rendered":"<p class=\"\" data-start=\"0\" data-end=\"64\"><strong data-start=\"0\" data-end=\"13\">Ch\u1ea5t li\u1ec7u<\/strong><br data-start=\"13\" data-end=\"16\" \/>V\u1ea3i thun cotton 100%, m\u1ec1m m\u1ea1i v\u00e0 tho\u00e1ng m\u00e1t.<\/p>\n<p class=\"\" data-start=\"66\" data-end=\"324\"><strong data-start=\"66\" data-end=\"77\">Thi\u1ebft k\u1ebf<\/strong><br data-start=\"77\" data-end=\"80\" \/>\u00c1o d\u00e1ng baby tee, h\u01a1i x\u00f2e nh\u1eb9. Hai b\u00ean \u00e1o \u0111\u01b0\u1ee3c nh\u00fan b\u00e8o tinh t\u1ebf, t\u1ea1o \u0111i\u1ec3m nh\u1ea5n n\u1eef t\u00ednh. Ph\u1ea7n gi\u1eefa th\u00e2n \u00e1o c\u00f3 \u0111\u01b0\u1eddng line ph\u1ed1i c\u00f9ng h\u00ecnh in graphic.<br data-start=\"262\" data-end=\"265\" \/>C\u00f3 ba l\u1ef1a ch\u1ecdn m\u00e0u s\u1eafc: tr\u1eafng, m\u1ee1 g\u00e0 v\u00e0 h\u1ed3ng.<\/p>\n<p class=\"\" data-start=\"326\" data-end=\"350\"><strong data-start=\"326\" data-end=\"348\">L\u01b0u \u00fd khi s\u1eed d\u1ee5ng:<\/strong><\/p>\n<ul data-start=\"351\" data-end=\"458\" data-is-last-node=\"\" data-is-only-node=\"\">\n<li class=\"\" data-start=\"351\" data-end=\"386\">\n<p class=\"\" data-start=\"353\" data-end=\"386\">Gi\u1eb7t b\u1eb1ng n\u01b0\u1edbc \u1edf nhi\u1ec7t \u0111\u1ed9 40\u00b0C ho\u1eb7c th\u1ea5p h\u01a1n.<\/p>\n<\/li>\n<li class=\"\" data-start=\"387\" data-end=\"458\">\n<p class=\"\" data-start=\"389\" data-end=\"458\">Tr\u00e1nh ph\u01a1i d\u01b0\u1edbi \u00e1nh n\u1eafng tr\u1ef1c ti\u1ebfp \u0111\u1ec3 gi\u1eef m\u00e0u s\u1eafc v\u00e0 \u0111\u1ed9 b\u1ec1n c\u1ee7a s\u1ea3n ph\u1ea9m.<\/p>\n<\/li>\n<\/ul>","protected":false},"excerpt":{"rendered":"<p><a href=\"https:\/\/parreyofficial.com\/wp-content\/uploads\/2025\/03\/Size-Guide_Chantilly.png\"><img fetchpriority=\"high\" decoding=\"async\" class=\"alignnone wp-image-15900 size-full\" src=\"https:\/\/parreyofficial.com\/wp-content\/uploads\/2025\/03\/Size-Guide_Chantilly.png\" alt=\"\" width=\"5334\" height=\"4050\" srcset=\"https:\/\/parreyofficial.com\/wp-content\/uploads\/2025\/03\/Size-Guide_Chantilly.png 5334w, https:\/\/parreyofficial.com\/wp-content\/uploads\/2025\/03\/Size-Guide_Chantilly-300x228.png 300w, https:\/\/parreyofficial.com\/wp-content\/uploads\/2025\/03\/Size-Guide_Chantilly-1024x778.png 1024w, https:\/\/parreyofficial.com\/wp-content\/uploads\/2025\/03\/Size-Guide_Chantilly-768x583.png 768w, https:\/\/parreyofficial.com\/wp-content\/uploads\/2025\/03\/Size-Guide_Chantilly-1536x1166.png 1536w, https:\/\/parreyofficial.com\/wp-content\/uploads\/2025\/03\/Size-Guide_Chantilly-2048x1555.png 2048w, https:\/\/parreyofficial.com\/wp-content\/uploads\/2025\/03\/Size-Guide_Chantilly-16x12.png 16w, https:\/\/parreyofficial.com\/wp-content\/uploads\/2025\/03\/Size-Guide_Chantilly-1800x1367.png 1800w, https:\/\/parreyofficial.com\/wp-content\/uploads\/2025\/03\/Size-Guide_Chantilly-800x607.png 800w, https:\/\/parreyofficial.com\/wp-content\/uploads\/2025\/03\/Size-Guide_Chantilly-64x49.png 64w\" sizes=\"(max-width: 5334px) 100vw, 5334px\" \/><\/a><\/p>\n<p>&nbsp;<\/p>\n<p><a href=\"https:\/\/parreyofficial.com\/wp-content\/uploads\/2025\/03\/Size-Guide-16.png\"><img decoding=\"async\" class=\"alignnone wp-image-15855 size-full\" src=\"https:\/\/parreyofficial.com\/wp-content\/uploads\/2025\/03\/Size-Guide-16.png\" alt=\"\" width=\"2000\" height=\"1519\" srcset=\"https:\/\/parreyofficial.com\/wp-content\/uploads\/2025\/03\/Size-Guide-16.png 2000w, https:\/\/parreyofficial.com\/wp-content\/uploads\/2025\/03\/Size-Guide-16-300x228.png 300w, https:\/\/parreyofficial.com\/wp-content\/uploads\/2025\/03\/Size-Guide-16-1024x778.png 1024w, https:\/\/parreyofficial.com\/wp-content\/uploads\/2025\/03\/Size-Guide-16-768x583.png 768w, https:\/\/parreyofficial.com\/wp-content\/uploads\/2025\/03\/Size-Guide-16-1536x1167.png 1536w, https:\/\/parreyofficial.com\/wp-content\/uploads\/2025\/03\/Size-Guide-16-16x12.png 16w, https:\/\/parreyofficial.com\/wp-content\/uploads\/2025\/03\/Size-Guide-16-1800x1367.png 1800w, https:\/\/parreyofficial.com\/wp-content\/uploads\/2025\/03\/Size-Guide-16-800x608.png 800w, https:\/\/parreyofficial.com\/wp-content\/uploads\/2025\/03\/Size-Guide-16-64x49.png 64w\" sizes=\"(max-width: 2000px) 100vw, 2000px\" \/><\/a><\/p>","protected":false},"featured_media":15775,"comment_status":"open","ping_status":"closed","template":"","meta":[],"product_brand":[],"product_cat":[80,76],"product_tag":[],"class_list":{"0":"post-14797","1":"product","2":"type-product","3":"status-publish","4":"has-post-thumbnail","6":"product_cat-fitchic-collection","7":"product_cat-top","8":"pa_color-beige","9":"pa_color-pink","10":"pa_color-white","11":"pa_size-m","12":"pa_size-s","14":"first","15":"instock","16":"taxable","17":"shipping-taxable","18":"purchasable","19":"product-type-variable"},"_links":{"self":[{"href":"https:\/\/parreyofficial.com\/vi\/wp-json\/wp\/v2\/product\/14797","targetHints":{"allow":["GET"]}}],"collection":[{"href":"https:\/\/parreyofficial.com\/vi\/wp-json\/wp\/v2\/product"}],"about":[{"href":"https:\/\/parreyofficial.com\/vi\/wp-json\/wp\/v2\/types\/product"}],"replies":[{"embeddable":true,"href":"https:\/\/parreyofficial.com\/vi\/wp-json\/wp\/v2\/comments?post=14797"}],"wp:featuredmedia":[{"embeddable":true,"href":"https:\/\/parreyofficial.com\/vi\/wp-json\/wp\/v2\/media\/15775"}],"wp:attachment":[{"href":"https:\/\/parreyofficial.com\/vi\/wp-json\/wp\/v2\/media?parent=14797"}],"wp:term":[{"taxonomy":"product_brand","embeddable":true,"href":"https:\/\/parreyofficial.com\/vi\/wp-json\/wp\/v2\/product_brand?post=14797"},{"taxonomy":"product_cat","embeddable":true,"href":"https:\/\/parreyofficial.com\/vi\/wp-json\/wp\/v2\/product_cat?post=14797"},{"taxonomy":"product_tag","embeddable":true,"href":"https:\/\/parreyofficial.com\/vi\/wp-json\/wp\/v2\/product_tag?post=14797"}],"curies":[{"name":"wp","href":"https:\/\/api.w.org\/{rel}","templated":true}]}}