{"id":14789,"date":"2025-03-21T13:01:57","date_gmt":"2025-03-21T13:01:57","guid":{"rendered":"https:\/\/parreyofficial.com\/?post_type=product&#038;p=14789"},"modified":"2025-11-19T09:01:51","modified_gmt":"2025-11-19T09:01:51","slug":"batonette-capri-pants","status":"publish","type":"product","link":"https:\/\/parreyofficial.com\/vi\/san-pham\/batonette-capri-pants\/","title":{"rendered":"Batonette Capri pants"},"content":{"rendered":"<p class=\"\" data-start=\"0\" data-end=\"64\"><strong data-start=\"0\" data-end=\"13\">Ch\u1ea5t li\u1ec7u<\/strong><br data-start=\"13\" data-end=\"16\" \/>V\u1ea3i cotton oxford, nh\u1eb9 v\u00e0 tho\u00e1ng m\u00e1t.<\/p>\n<p class=\"\" data-start=\"66\" data-end=\"338\"><strong data-start=\"66\" data-end=\"77\">Thi\u1ebft k\u1ebf<\/strong><br data-start=\"77\" data-end=\"80\" \/>Qu\u1ea7n c\u1ea1p tr\u1ec5 d\u00e1ng loe, phom \u0111\u1ee9ng.\n H\u1ecda ti\u1ebft s\u1ecdc d\u1ecdc \u0111a s\u1eafc t\u1ea1o hi\u1ec7u \u1ee9ng t\u00f4n d\u00e1ng.<br data-start=\"201\" data-end=\"204\" \/>\u0110i\u1ec3m nh\u1ea5n h\u00e0ng n\u00fat gi\u1ea3 b\u00ean \u1ed1ng qu\u1ea7n v\u00e0 \u0111\u01b0\u1eddng may ch\u1ec9 m\u00e0u t\u01b0\u01a1ng ph\u1ea3n \u1edf lai qu\u1ea7n.\n C\u00f3 t\u00fai sau v\u00e0 chi ti\u1ebft n\u00fat trang tr\u00ed mang phong c\u00e1ch c\u1ed5 \u0111i\u1ec3n.<\/p>\n<p class=\"\" data-start=\"340\" data-end=\"364\"><strong data-start=\"340\" data-end=\"362\">L\u01b0u \u00fd khi s\u1eed d\u1ee5ng:<\/strong><\/p>\n<ul data-start=\"365\" data-end=\"537\" data-is-last-node=\"\" data-is-only-node=\"\">\n<li class=\"\" data-start=\"365\" data-end=\"440\">\n<p class=\"\" data-start=\"367\" data-end=\"440\">Gi\u1eb7t tay ho\u1eb7c gi\u1eb7t m\u00e1y \u1edf ch\u1ebf \u0111\u1ed9 nh\u1eb9, nhi\u1ec7t \u0111\u1ed9 d\u01b0\u1edbi 40\u00b0C<\/p>\n<\/li>\n<li class=\"\" data-start=\"441\" data-end=\"537\">\n<p class=\"\" data-start=\"443\" data-end=\"537\">Tr\u00e1nh ng\u00e2m l\u00e2u v\u00e0 ph\u01a1i tr\u1ef1c ti\u1ebfp d\u01b0\u1edbi \u00e1nh n\u1eafng g\u1eaft \u0111\u1ec3 gi\u1eef m\u00e0u v\u1ea3i.<\/p>\n<\/li>\n<\/ul>","protected":false},"excerpt":{"rendered":"<p><a href=\"https:\/\/parreyofficial.com\/wp-content\/uploads\/2025\/03\/Size-Guide_Batonette.png\"><img fetchpriority=\"high\" decoding=\"async\" class=\"alignnone wp-image-15898 size-full\" src=\"https:\/\/parreyofficial.com\/wp-content\/uploads\/2025\/03\/Size-Guide_Batonette.png\" alt=\"\" width=\"5334\" height=\"4050\" srcset=\"https:\/\/parreyofficial.com\/wp-content\/uploads\/2025\/03\/Size-Guide_Batonette.png 5334w, https:\/\/parreyofficial.com\/wp-content\/uploads\/2025\/03\/Size-Guide_Batonette-300x228.png 300w, https:\/\/parreyofficial.com\/wp-content\/uploads\/2025\/03\/Size-Guide_Batonette-1024x778.png 1024w, https:\/\/parreyofficial.com\/wp-content\/uploads\/2025\/03\/Size-Guide_Batonette-768x583.png 768w, https:\/\/parreyofficial.com\/wp-content\/uploads\/2025\/03\/Size-Guide_Batonette-1536x1166.png 1536w, https:\/\/parreyofficial.com\/wp-content\/uploads\/2025\/03\/Size-Guide_Batonette-2048x1555.png 2048w, https:\/\/parreyofficial.com\/wp-content\/uploads\/2025\/03\/Size-Guide_Batonette-16x12.png 16w, https:\/\/parreyofficial.com\/wp-content\/uploads\/2025\/03\/Size-Guide_Batonette-1800x1367.png 1800w, https:\/\/parreyofficial.com\/wp-content\/uploads\/2025\/03\/Size-Guide_Batonette-800x607.png 800w, https:\/\/parreyofficial.com\/wp-content\/uploads\/2025\/03\/Size-Guide_Batonette-64x49.png 64w\" sizes=\"(max-width: 5334px) 100vw, 5334px\" \/><\/a><\/p>\n<p>&nbsp;<\/p>\n<p><a href=\"https:\/\/parreyofficial.com\/wp-content\/uploads\/2025\/03\/Size-Guide-16.png\"><img decoding=\"async\" class=\"alignnone wp-image-15855 size-full\" src=\"https:\/\/parreyofficial.com\/wp-content\/uploads\/2025\/03\/Size-Guide-16.png\" alt=\"\" width=\"2000\" height=\"1519\" srcset=\"https:\/\/parreyofficial.com\/wp-content\/uploads\/2025\/03\/Size-Guide-16.png 2000w, https:\/\/parreyofficial.com\/wp-content\/uploads\/2025\/03\/Size-Guide-16-300x228.png 300w, https:\/\/parreyofficial.com\/wp-content\/uploads\/2025\/03\/Size-Guide-16-1024x778.png 1024w, https:\/\/parreyofficial.com\/wp-content\/uploads\/2025\/03\/Size-Guide-16-768x583.png 768w, https:\/\/parreyofficial.com\/wp-content\/uploads\/2025\/03\/Size-Guide-16-1536x1167.png 1536w, https:\/\/parreyofficial.com\/wp-content\/uploads\/2025\/03\/Size-Guide-16-16x12.png 16w, https:\/\/parreyofficial.com\/wp-content\/uploads\/2025\/03\/Size-Guide-16-1800x1367.png 1800w, https:\/\/parreyofficial.com\/wp-content\/uploads\/2025\/03\/Size-Guide-16-800x608.png 800w, https:\/\/parreyofficial.com\/wp-content\/uploads\/2025\/03\/Size-Guide-16-64x49.png 64w\" sizes=\"(max-width: 2000px) 100vw, 2000px\" \/><\/a><\/p>","protected":false},"featured_media":15558,"comment_status":"open","ping_status":"closed","template":"","meta":[],"product_brand":[],"product_cat":[105,78,118],"product_tag":[],"class_list":{"0":"post-14789","1":"product","2":"type-product","3":"status-publish","4":"has-post-thumbnail","6":"product_cat-bottom","7":"product_cat-pants","8":"product_cat-wanderlust-line-collection","9":"pa_size-l","10":"pa_size-m","11":"pa_size-s","13":"first","14":"instock","15":"taxable","16":"shipping-taxable","17":"purchasable","18":"product-type-variable"},"_links":{"self":[{"href":"https:\/\/parreyofficial.com\/vi\/wp-json\/wp\/v2\/product\/14789","targetHints":{"allow":["GET"]}}],"collection":[{"href":"https:\/\/parreyofficial.com\/vi\/wp-json\/wp\/v2\/product"}],"about":[{"href":"https:\/\/parreyofficial.com\/vi\/wp-json\/wp\/v2\/types\/product"}],"replies":[{"embeddable":true,"href":"https:\/\/parreyofficial.com\/vi\/wp-json\/wp\/v2\/comments?post=14789"}],"wp:featuredmedia":[{"embeddable":true,"href":"https:\/\/parreyofficial.com\/vi\/wp-json\/wp\/v2\/media\/15558"}],"wp:attachment":[{"href":"https:\/\/parreyofficial.com\/vi\/wp-json\/wp\/v2\/media?parent=14789"}],"wp:term":[{"taxonomy":"product_brand","embeddable":true,"href":"https:\/\/parreyofficial.com\/vi\/wp-json\/wp\/v2\/product_brand?post=14789"},{"taxonomy":"product_cat","embeddable":true,"href":"https:\/\/parreyofficial.com\/vi\/wp-json\/wp\/v2\/product_cat?post=14789"},{"taxonomy":"product_tag","embeddable":true,"href":"https:\/\/parreyofficial.com\/vi\/wp-json\/wp\/v2\/product_tag?post=14789"}],"curies":[{"name":"wp","href":"https:\/\/api.w.org\/{rel}","templated":true}]}}