{"id":6082,"date":"2024-08-27T06:59:38","date_gmt":"2024-08-27T06:59:38","guid":{"rendered":"https:\/\/parreyofficial.com\/?page_id=6082"},"modified":"2025-05-04T08:38:19","modified_gmt":"2025-05-04T08:38:19","slug":"stories","status":"publish","type":"page","link":"https:\/\/parreyofficial.com\/vi\/stories\/","title":{"rendered":"Stories"},"content":{"rendered":"<div data-elementor-type=\"wp-page\" data-elementor-id=\"6082\" class=\"elementor elementor-6082\" data-elementor-post-type=\"page\">\n\t\t\t\t<div class=\"elementor-element elementor-element-6ee0bda e-grid e-con-boxed wpr-particle-no wpr-jarallax-no wpr-parallax-no wpr-sticky-section-no e-con e-parent\" data-id=\"6ee0bda\" data-element_type=\"container\" data-settings=\"{&quot;background_background&quot;:&quot;classic&quot;}\">\n\t\t\t\t\t<div class=\"e-con-inner\">\n\t\t\t\t\t<\/div>\n\t\t\t\t<\/div>\n\t\t<div class=\"elementor-element elementor-element-9c9dbb7 e-flex e-con-boxed wpr-particle-no wpr-jarallax-no wpr-parallax-no wpr-sticky-section-no e-con e-parent\" data-id=\"9c9dbb7\" data-element_type=\"container\" data-settings=\"{&quot;background_background&quot;:&quot;classic&quot;}\">\n\t\t\t\t\t<div class=\"e-con-inner\">\n\t\t\t\t<div class=\"elementor-element elementor-element-0c74526 elementor-widget elementor-widget-text-editor\" data-id=\"0c74526\" data-element_type=\"widget\" data-widget_type=\"text-editor.default\">\n\t\t\t\t<div class=\"elementor-widget-container\">\n\t\t\t\t\t\t\t\t\t<p><strong>Parrey \u2013 For girls who dress with joy.<\/strong><\/p><p><br data-start=\"224\" data-end=\"227\" \/><em>L\u00e0 m\u1ed9t th\u01b0\u01a1ng hi\u1ec7u \u0111\u01b0\u1ee3c \u1ea5p \u1ee7 v\u00e0 th\u00e0nh l\u1eadp v\u00e0o n\u0103m 2024 t\u1ea1i TP.HCM. T\u1ee5i m\u00ecnh y\u00eau nh\u1eefng thi\u1ebft k\u1ebf nhi\u1ec1u m\u00e0u, vui m\u1eaft \u2013 nh\u01b0ng v\u1eabn \u0111\u1ee7 tinh t\u1ebf \u0111\u1ec3 b\u1ea1n t\u1ef1 tin b\u01b0\u1edbc ra ph\u1ed1.<\/em><\/p><p><br data-start=\"264\" data-end=\"267\" \/><em>Our designs are bright, feminine, and a little bit cheeky \u2013 just enough to turn heads and lift moods. Each piece is a mini adventure in texture, print, and silhouette.<\/em><\/p><p><br data-start=\"436\" data-end=\"439\" \/><em>M\u1ed9t ch\u00fat d\u1ecbu d\u00e0ng, m\u1ed9t ch\u00fat n\u1ed5i b\u1eadt \u2013 v\u00e0 lu\u00f4n l\u00e0 ch\u00ednh b\u1ea1n.<\/em><\/p>\t\t\t\t\t\t\t\t<\/div>\n\t\t\t\t<\/div>\n\t\t\t\t<div class=\"elementor-element elementor-element-5ae5ffa elementor-widget elementor-widget-spacer\" data-id=\"5ae5ffa\" data-element_type=\"widget\" data-widget_type=\"spacer.default\">\n\t\t\t\t<div class=\"elementor-widget-container\">\n\t\t\t\t\t\t\t<div class=\"elementor-spacer\">\n\t\t\t<div class=\"elementor-spacer-inner\"><\/div>\n\t\t<\/div>\n\t\t\t\t\t\t<\/div>\n\t\t\t\t<\/div>\n\t\t\t\t<div class=\"elementor-element elementor-element-0cacf2f elementor-widget elementor-widget-text-editor\" data-id=\"0cacf2f\" data-element_type=\"widget\" data-widget_type=\"text-editor.default\">\n\t\t\t\t<div class=\"elementor-widget-container\">\n\t\t\t\t\t\t\t\t\t<p><strong data-start=\"182\" data-end=\"224\">Parrey \u2013 For girls who dress with joy.<\/strong><\/p><p>\u00a0<\/p><p><em>L\u00e0 m\u1ed9t th\u01b0\u01a1ng hi\u1ec7u \u0111\u01b0\u1ee3c \u1ea5p \u1ee7 v\u00e0 th\u00e0nh l\u1eadp v\u00e0o n\u0103m 2024 t\u1ea1i TP.HCM. T\u1ee5i m\u00ecnh y\u00eau nh\u1eefng thi\u1ebft k\u1ebf nhi\u1ec1u m\u00e0u, vui m\u1eaft \u2013 nh\u01b0ng v\u1eabn \u0111\u1ee7 tinh t\u1ebf \u0111\u1ec3 b\u1ea1n t\u1ef1 tin b\u01b0\u1edbc ra ph\u1ed1.<\/em><\/p><p><br data-start=\"392\" data-end=\"395\" \/><em>M\u1ed7i m\u00f3n \u0111\u1ed3 l\u00e0 m\u1ed9t cu\u1ed9c ch\u01a1i nho nh\u1ecf v\u1edbi ch\u1ea5t li\u1ec7u, phom d\u00e1ng v\u00e0 c\u1ea3m x\u00fac. \u1ede Parrey, b\u1ea1n \u0111\u01b0\u1ee3c ph\u1ed1i \u0111\u1ed3 theo c\u00e1ch c\u1ee7a ri\u00eang m\u00ecnh \u2013 kh\u00f4ng lu\u1eadt l\u1ec7, ch\u1ec9 c\u1ea7n th\u1ea5y vui.<\/em><\/p><p><br data-start=\"556\" data-end=\"559\" \/><em>M\u1ed9t ch\u00fat d\u1ecbu d\u00e0ng, m\u1ed9t ch\u00fat n\u1ed5i b\u1eadt \u2013 v\u00e0 lu\u00f4n l\u00e0 ch\u00ednh b\u1ea1n.<\/em><\/p>\t\t\t\t\t\t\t\t<\/div>\n\t\t\t\t<\/div>\n\t\t\t\t<div class=\"elementor-element elementor-element-15e5e37 elementor-widget elementor-widget-image\" data-id=\"15e5e37\" data-element_type=\"widget\" data-widget_type=\"image.default\">\n\t\t\t\t<div class=\"elementor-widget-container\">\n\t\t\t\t\t\t\t\t\t\t\t\t\t\t\t<img fetchpriority=\"high\" decoding=\"async\" width=\"1397\" height=\"1746\" src=\"https:\/\/parreyofficial.com\/wp-content\/uploads\/2025\/05\/P0122-1.jpg\" class=\"attachment-full size-full wp-image-16002\" alt=\"\" srcset=\"https:\/\/parreyofficial.com\/wp-content\/uploads\/2025\/05\/P0122-1.jpg 1397w, https:\/\/parreyofficial.com\/wp-content\/uploads\/2025\/05\/P0122-1-240x300.jpg 240w, https:\/\/parreyofficial.com\/wp-content\/uploads\/2025\/05\/P0122-1-819x1024.jpg 819w, https:\/\/parreyofficial.com\/wp-content\/uploads\/2025\/05\/P0122-1-768x960.jpg 768w, https:\/\/parreyofficial.com\/wp-content\/uploads\/2025\/05\/P0122-1-1229x1536.jpg 1229w, https:\/\/parreyofficial.com\/wp-content\/uploads\/2025\/05\/P0122-1-10x12.jpg 10w, https:\/\/parreyofficial.com\/wp-content\/uploads\/2025\/05\/P0122-1-800x1000.jpg 800w, https:\/\/parreyofficial.com\/wp-content\/uploads\/2025\/05\/P0122-1-64x80.jpg 64w\" sizes=\"(max-width: 1397px) 100vw, 1397px\" \/>\t\t\t\t\t\t\t\t\t\t\t\t\t\t\t<\/div>\n\t\t\t\t<\/div>\n\t\t\t\t\t<\/div>\n\t\t\t\t<\/div>\n\t\t<div class=\"elementor-element elementor-element-df968e4 e-flex e-con-boxed wpr-particle-no wpr-jarallax-no wpr-parallax-no wpr-sticky-section-no e-con e-parent\" data-id=\"df968e4\" data-element_type=\"container\" data-settings=\"{&quot;background_background&quot;:&quot;classic&quot;}\">\n\t\t\t\t\t<div class=\"e-con-inner\">\n\t\t\t\t\t<\/div>\n\t\t\t\t<\/div>\n\t\t<div class=\"elementor-element elementor-element-4287372 e-flex e-con-boxed wpr-particle-no wpr-jarallax-no wpr-parallax-no wpr-sticky-section-no e-con e-parent\" data-id=\"4287372\" data-element_type=\"container\">\n\t\t\t\t\t<div class=\"e-con-inner\">\n\t\t\t\t\t<\/div>\n\t\t\t\t<\/div>\n\t\t\t\t<\/div>","protected":false},"excerpt":{"rendered":"<p>Parrey \u2013 For girls who dress with joy. Founded in 2024 in Ho Chi Minh City, Parrey brings color, charm, and playfulness into everyday wear. Our designs are bright, feminine, and a little bit cheeky \u2013 just enough to turn heads and lift moods. Each piece is a mini adventure in texture, print, and silhouette. With Parrey, dressing up feels like freedom \u2013 fun, effortless, and always true to you. Parrey \u2013 For girls who dress with joy. \u00a0 L\u00e0 m\u1ed9t th\u01b0\u01a1ng hi\u1ec7u \u0111\u01b0\u1ee3c \u1ea5p \u1ee7 v\u00e0 th\u00e0nh l\u1eadp v\u00e0o n\u0103m 2024 t\u1ea1i TP.HCM. T\u1ee5i m\u00ecnh y\u00eau nh\u1eefng thi\u1ebft k\u1ebf nhi\u1ec1u m\u00e0u, vui m\u1eaft \u2013 nh\u01b0ng v\u1eabn \u0111\u1ee7 tinh t\u1ebf \u0111\u1ec3 b\u1ea1n t\u1ef1 tin b\u01b0\u1edbc ra ph\u1ed1. M\u1ed7i m\u00f3n \u0111\u1ed3 l\u00e0 m\u1ed9t cu\u1ed9c ch\u01a1i nho nh\u1ecf v\u1edbi ch\u1ea5t li\u1ec7u, phom d\u00e1ng v\u00e0 c\u1ea3m x\u00fac. \u1ede Parrey, b\u1ea1n \u0111\u01b0\u1ee3c ph\u1ed1i \u0111\u1ed3 theo c\u00e1ch c\u1ee7a ri\u00eang m\u00ecnh \u2013 kh\u00f4ng lu\u1eadt l\u1ec7, ch\u1ec9 c\u1ea7n th\u1ea5y vui. M\u1ed9t ch\u00fat d\u1ecbu d\u00e0ng, m\u1ed9t ch\u00fat n\u1ed5i b\u1eadt \u2013 v\u00e0 lu\u00f4n l\u00e0 ch\u00ednh b\u1ea1n.<\/p>","protected":false},"author":1,"featured_media":0,"parent":0,"menu_order":0,"comment_status":"closed","ping_status":"closed","template":"elementor_canvas","meta":{"footnotes":""},"class_list":["post-6082","page","type-page","status-publish","hentry"],"_hostinger_reach_plugin_has_subscription_block":false,"_hostinger_reach_plugin_is_elementor":false,"_links":{"self":[{"href":"https:\/\/parreyofficial.com\/vi\/wp-json\/wp\/v2\/pages\/6082","targetHints":{"allow":["GET"]}}],"collection":[{"href":"https:\/\/parreyofficial.com\/vi\/wp-json\/wp\/v2\/pages"}],"about":[{"href":"https:\/\/parreyofficial.com\/vi\/wp-json\/wp\/v2\/types\/page"}],"author":[{"embeddable":true,"href":"https:\/\/parreyofficial.com\/vi\/wp-json\/wp\/v2\/users\/1"}],"replies":[{"embeddable":true,"href":"https:\/\/parreyofficial.com\/vi\/wp-json\/wp\/v2\/comments?post=6082"}],"version-history":[{"count":18,"href":"https:\/\/parreyofficial.com\/vi\/wp-json\/wp\/v2\/pages\/6082\/revisions"}],"predecessor-version":[{"id":16015,"href":"https:\/\/parreyofficial.com\/vi\/wp-json\/wp\/v2\/pages\/6082\/revisions\/16015"}],"wp:attachment":[{"href":"https:\/\/parreyofficial.com\/vi\/wp-json\/wp\/v2\/media?parent=6082"}],"curies":[{"name":"wp","href":"https:\/\/api.w.org\/{rel}","templated":true}]}}