{"id":6075,"date":"2024-08-27T06:56:09","date_gmt":"2024-08-27T06:56:09","guid":{"rendered":"https:\/\/parreyofficial.com\/?page_id=6075"},"modified":"2025-04-06T12:13:39","modified_gmt":"2025-04-06T12:13:39","slug":"pants","status":"publish","type":"page","link":"https:\/\/parreyofficial.com\/vi\/pants\/","title":{"rendered":"Pants"},"content":{"rendered":"<div data-elementor-type=\"wp-page\" data-elementor-id=\"6075\" class=\"elementor elementor-6075\" data-elementor-post-type=\"page\">\n\t\t\t\t<div class=\"elementor-element elementor-element-76ced82 e-con-full e-flex wpr-particle-no wpr-jarallax-no wpr-parallax-no wpr-sticky-section-no e-con e-parent\" data-id=\"76ced82\" data-element_type=\"container\">\n\t\t\t\t<div class=\"elementor-element elementor-element-b9c6b9c elementor-widget elementor-widget-heading\" data-id=\"b9c6b9c\" data-element_type=\"widget\" data-widget_type=\"heading.default\">\n\t\t\t\t<div class=\"elementor-widget-container\">\n\t\t\t\t\t<h2 class=\"elementor-heading-title elementor-size-default\">Pants<\/h2>\t\t\t\t<\/div>\n\t\t\t\t<\/div>\n\t\t\t\t<\/div>\n\t\t<div class=\"elementor-element elementor-element-ed950dc e-con-full e-flex wpr-particle-no wpr-jarallax-no wpr-parallax-no wpr-sticky-section-no e-con e-parent\" data-id=\"ed950dc\" data-element_type=\"container\">\n\t\t\t\t<div class=\"elementor-element elementor-element-d15b4f1 elementor-widget elementor-widget-shortcode\" data-id=\"d15b4f1\" data-element_type=\"widget\" data-widget_type=\"shortcode.default\">\n\t\t\t\t<div class=\"elementor-widget-container\">\n\t\t\t\t\t\t\t<div class=\"elementor-shortcode\"><div class=\"woocommerce columns-3\">\n<div class=\"woof_products_top_panel_content\">\n    <\/div>\n<div class=\"woof_products_top_panel\"><\/div><div class=\"woocommerce-notices-wrapper\"><\/div><p class=\"woocommerce-result-count\" role=\"alert\" aria-relevant=\"all\" >\n\tHi\u1ec3n th\u1ecb k\u1ebft qu\u1ea3 duy nh\u1ea5t<\/p>\n<form class=\"woocommerce-ordering\" method=\"get\" action=\"\">\n\t\t<select\n\t\tname=\"orderby\"\n\t\tclass=\"orderby\"\n\t\t\t\t\taria-label=\"\u0110\u01a1n h\u00e0ng c\u1ee7a c\u1eeda h\u00e0ng\" data-no-translation-aria-label=\"\"\n\t\t\t>\n\t\t\t\t\t<option value=\"menu_order\"  selected='selected' data-no-translation=\"\" data-trp-gettext=\"\">Th\u1ee9 t\u1ef1 m\u1eb7c \u0111\u1ecbnh<\/option>\n\t\t\t\t\t<option value=\"popularity\" data-no-translation=\"\" data-trp-gettext=\"\" >Th\u1ee9 t\u1ef1 theo m\u1ee9c \u0111\u1ed9 ph\u1ed5 bi\u1ebfn<\/option>\n\t\t\t\t\t<option value=\"rating\" data-no-translation=\"\" data-trp-gettext=\"\" >Th\u1ee9 t\u1ef1 theo \u0111i\u1ec3m \u0111\u00e1nh gi\u00e1<\/option>\n\t\t\t\t\t<option value=\"date\" data-no-translation=\"\" data-trp-gettext=\"\" >M\u1edbi nh\u1ea5t<\/option>\n\t\t\t\t\t<option value=\"price\" data-no-translation=\"\" data-trp-gettext=\"\" >Th\u1ee9 t\u1ef1 theo gi\u00e1: th\u1ea5p \u0111\u1ebfn cao<\/option>\n\t\t\t\t\t<option value=\"price-desc\" data-no-translation=\"\" data-trp-gettext=\"\" >Th\u1ee9 t\u1ef1 theo gi\u00e1: cao xu\u1ed1ng th\u1ea5p<\/option>\n\t\t\t<\/select>\n\t<input type=\"hidden\" name=\"paged\" value=\"1\" \/>\n\t<input type=\"hidden\" name=\"trp-form-language\" value=\"vi\"\/><\/form>\n<ul class=\"products columns-3\">\n<li class=\"product type-product post-14789 status-publish first instock product_cat-bottom product_cat-pants product_cat-wanderlust-line-collection has-post-thumbnail taxable shipping-taxable purchasable product-type-variable\">\n\t<div style=\"\" id=\"ws247-piew-product-14789\" class=\"ws247-piew-hover\"><a href=\"https:\/\/parreyofficial.com\/vi\/san-pham\/batonette-capri-pants\/\" class=\"woocommerce-LoopProduct-link woocommerce-loop-product__link\"><div class=\"ws247-piew-imgs-container\"><img fetchpriority=\"high\" decoding=\"async\" width=\"1800\" height=\"2160\" src=\"https:\/\/parreyofficial.com\/wp-content\/uploads\/2025\/03\/Batonette-Capri-pants-430k-1-1-1800x2160.png\" class=\"attachment-woocommerce_thumbnail size-woocommerce_thumbnail\" alt=\"Batonette Capri pants\" srcset=\"https:\/\/parreyofficial.com\/wp-content\/uploads\/2025\/03\/Batonette-Capri-pants-430k-1-1-1800x2160.png 1800w, https:\/\/parreyofficial.com\/wp-content\/uploads\/2025\/03\/Batonette-Capri-pants-430k-1-1-800x960.png 800w, https:\/\/parreyofficial.com\/wp-content\/uploads\/2025\/03\/Batonette-Capri-pants-430k-1-1-64x77.png 64w, https:\/\/parreyofficial.com\/wp-content\/uploads\/2025\/03\/Batonette-Capri-pants-430k-1-1-250x300.png 250w, https:\/\/parreyofficial.com\/wp-content\/uploads\/2025\/03\/Batonette-Capri-pants-430k-1-1-853x1024.png 853w, https:\/\/parreyofficial.com\/wp-content\/uploads\/2025\/03\/Batonette-Capri-pants-430k-1-1-768x922.png 768w, https:\/\/parreyofficial.com\/wp-content\/uploads\/2025\/03\/Batonette-Capri-pants-430k-1-1-1280x1536.png 1280w, https:\/\/parreyofficial.com\/wp-content\/uploads\/2025\/03\/Batonette-Capri-pants-430k-1-1-1707x2048.png 1707w, https:\/\/parreyofficial.com\/wp-content\/uploads\/2025\/03\/Batonette-Capri-pants-430k-1-1.png 2000w\" sizes=\"(max-width: 1800px) 100vw, 1800px\" \/><img decoding=\"async\" src=\"https:\/\/parreyofficial.com\/wp-content\/uploads\/2025\/04\/Batonette-Capri-pants-430k-2-1200x1439.png\" alt=\"Batonette Capri pants\" class=\"ws-hover-img\" \/><\/div><!-- .ws247-piew-imgs-container --><h2 class=\"woocommerce-loop-product__title\">Batonette Capri pants<\/h2>\n\t<span class=\"price\"><span class=\"woocommerce-Price-amount amount\"><bdi>315,000&nbsp;<span class=\"woocommerce-Price-currencySymbol\">&#8363;<\/span><\/bdi><\/span><\/span>\n<\/a><a href=\"https:\/\/parreyofficial.com\/vi\/san-pham\/batonette-capri-pants\/\" aria-describedby=\"woocommerce_loop_add_to_cart_link_describedby_14789\" data-quantity=\"1\" class=\"button product_type_variable add_to_cart_button cfvsw_ajax_add_to_cart ws247_piew_atc\" data-product_id=\"14789\" data-product_sku=\"\" aria-label=\"L\u1ef1a ch\u1ecdn cho \u201cBatonette Capri pants\u201d\" rel=\"nofollow\" data-add_to_cart_text=\"Add to Cart\" data-select_options_text=\"L\u1ef1a ch\u1ecdn t\u00f9y ch\u1ecdn\" data-no-translation=\"\" data-trp-gettext=\"\" data-no-translation-aria-label=\"\" data-no-translation-data-select_options_text=\"\">L\u1ef1a ch\u1ecdn t\u00f9y ch\u1ecdn<\/a>\t<span id=\"woocommerce_loop_add_to_cart_link_describedby_14789\" class=\"screen-reader-text\">\n\t\tS\u1ea3n ph\u1ea9m n\u00e0y c\u00f3 nhi\u1ec1u bi\u1ebfn th\u1ec3. C\u00e1c t\u00f9y ch\u1ecdn c\u00f3 th\u1ec3 \u0111\u01b0\u1ee3c ch\u1ecdn tr\u00ean trang s\u1ea3n ph\u1ea9m\t<\/span>\n<\/div><\/li>\n<\/ul>\n<\/div>\n<\/div>\n\t\t\t\t\t\t<\/div>\n\t\t\t\t<\/div>\n\t\t\t\t<\/div>\n\t\t\t\t<\/div>","protected":false},"excerpt":{"rendered":"<p>Pants<\/p>","protected":false},"author":1,"featured_media":0,"parent":0,"menu_order":0,"comment_status":"closed","ping_status":"closed","template":"elementor_canvas","meta":{"footnotes":""},"class_list":["post-6075","page","type-page","status-publish","hentry"],"_hostinger_reach_plugin_has_subscription_block":false,"_hostinger_reach_plugin_is_elementor":false,"_links":{"self":[{"href":"https:\/\/parreyofficial.com\/vi\/wp-json\/wp\/v2\/pages\/6075","targetHints":{"allow":["GET"]}}],"collection":[{"href":"https:\/\/parreyofficial.com\/vi\/wp-json\/wp\/v2\/pages"}],"about":[{"href":"https:\/\/parreyofficial.com\/vi\/wp-json\/wp\/v2\/types\/page"}],"author":[{"embeddable":true,"href":"https:\/\/parreyofficial.com\/vi\/wp-json\/wp\/v2\/users\/1"}],"replies":[{"embeddable":true,"href":"https:\/\/parreyofficial.com\/vi\/wp-json\/wp\/v2\/comments?post=6075"}],"version-history":[{"count":28,"href":"https:\/\/parreyofficial.com\/vi\/wp-json\/wp\/v2\/pages\/6075\/revisions"}],"predecessor-version":[{"id":15706,"href":"https:\/\/parreyofficial.com\/vi\/wp-json\/wp\/v2\/pages\/6075\/revisions\/15706"}],"wp:attachment":[{"href":"https:\/\/parreyofficial.com\/vi\/wp-json\/wp\/v2\/media?parent=6075"}],"curies":[{"name":"wp","href":"https:\/\/api.w.org\/{rel}","templated":true}]}}