{"id":2664,"date":"2024-07-30T09:21:34","date_gmt":"2024-07-30T09:21:34","guid":{"rendered":"https:\/\/parreyofficial.com\/?page_id=2664"},"modified":"2024-07-30T09:37:26","modified_gmt":"2024-07-30T09:37:26","slug":"chinh-sach","status":"publish","type":"page","link":"https:\/\/parreyofficial.com\/vi\/chinh-sach\/","title":{"rendered":"Ch\u00ednh s\u00e1ch"},"content":{"rendered":"<div data-elementor-type=\"wp-page\" data-elementor-id=\"2664\" class=\"elementor elementor-2664\" data-elementor-post-type=\"page\">\n\t\t\t\t<div class=\"elementor-element elementor-element-d53f67d e-flex e-con-boxed wpr-particle-no wpr-jarallax-no wpr-parallax-no wpr-sticky-section-no e-con e-parent\" data-id=\"d53f67d\" data-element_type=\"container\">\n\t\t\t\t\t<div class=\"e-con-inner\">\n\t\t\t\t<div class=\"elementor-element elementor-element-d55acc3 elementor-widget elementor-widget-heading\" data-id=\"d55acc3\" data-element_type=\"widget\" data-widget_type=\"heading.default\">\n\t\t\t\t<div class=\"elementor-widget-container\">\n\t\t\t\t\t<h2 class=\"elementor-heading-title elementor-size-default\">Return Policy<br>( Ch\u00ednh s\u00e1ch \u0111\u1ed5i tr\u1ea3)<\/h2>\t\t\t\t<\/div>\n\t\t\t\t<\/div>\n\t\t\t\t\t<\/div>\n\t\t\t\t<\/div>\n\t\t<div class=\"elementor-element elementor-element-c15330e e-flex e-con-boxed wpr-particle-no wpr-jarallax-no wpr-parallax-no wpr-sticky-section-no e-con e-parent\" data-id=\"c15330e\" data-element_type=\"container\">\n\t\t\t\t\t<div class=\"e-con-inner\">\n\t\t\t\t<div class=\"elementor-element elementor-element-87ee946 elementor-widget elementor-widget-text-editor\" data-id=\"87ee946\" data-element_type=\"widget\" data-widget_type=\"text-editor.default\">\n\t\t\t\t<div class=\"elementor-widget-container\">\n\t\t\t\t\t\t\t\t\t<p><b>I. Ch\u00ednh s\u00e1ch \u0111\u1ed5i tr\u1ea3\u00a0<\/b><\/p><p>Caleelilou kh\u00f4ng ch\u1ea5p nh\u1eadn b\u1ea5t k\u1ef3 y\u00eau c\u1ea7u ho\u00e0n tr\u1ea3 n\u00e0o n\u1ebfu (c\u00e1c) s\u1ea3n ph\u1ea9m kh\u00f4ng c\u00f3 l\u1ed7i t\u1eeb ph\u00eda s\u1ea3n xu\u1ea5t.<\/p><p>\u00a0<b>1. Mua t\u1ea1i c\u1eeda h\u00e0ng:<\/b> Th\u1eed v\u00e0 ki\u1ec3m tra k\u0129 h\u00e0ng tr\u01b0\u1edbc khi thanh to\u00e1n, Caleelilou h\u1ed7 tr\u1ee3 \u0111\u1ed5i size\/m\u1eabu trong v\u00f2ng 3 ng\u00e0y v\u00e0 ch\u1ec9 \u0111\u1ed5i duy nh\u1ea5t 1 l\u1ea7n, v\u1edbi \u0111i\u1ec1u ki\u1ec7n s\u1ea3n ph\u1ea9m c\u00f2n nguy\u00ean tag v\u00e0 c\u00f2n gi\u1eef h\u00f3a \u0111\u01a1n mua h\u00e0ng. S\u1ea3n ph\u1ea9m \u0111\u1ed5i m\u1eabu ph\u1ea3i c\u00f3 gi\u00e1 tr\u1ecb b\u1eb1ng ho\u1eb7c cao h\u01a1n s\u1ea3n ph\u1ea9m \u0111\u00e3 mua. N\u1ebfu s\u1ea3n ph\u1ea9m \u0111\u01b0\u1ee3c \u0111\u1ed5i c\u00f3 gi\u00e1 tr\u1ecb th\u1ea5p h\u01a1n s\u1ebd kh\u00f4ng \u0111\u01b0\u1ee3c ho\u00e0n l\u1ea1i ti\u1ec1n.<\/p><p>\u00a0<b>2. Mua h\u00e0ng online<\/b>: Caleelilou h\u1ed7 tr\u1ee3 \u0111\u1ed5i size trong v\u00f2ng 7 ng\u00e0y k\u1ec3 t\u1eeb ng\u00e0y nh\u1eadn h\u00e0ng v\u00e0 ch\u1ec9 \u0111\u1ed5i duy nh\u1ea5t 1 l\u1ea7n, v\u1edbi \u0111i\u1ec1u ki\u1ec7n kh\u00e1ch ch\u1ecbu ph\u00ed ship 2 chi\u1ec1u.<\/p><p>Qu\u00fd Kh\u00e1ch h\u00e0ng c\u1ea7n ki\u1ec3m tra t\u00ecnh tr\u1ea1ng h\u00e0ng h\u00f3a v\u00e0 c\u00f3 th\u1ec3 \u0111\u1ed5i h\u00e0ng\/ tr\u1ea3 l\u1ea1i h\u00e0ng ngay t\u1ea1i th\u1eddi \u0111i\u1ec3m giao\/nh\u1eadn h\u00e0ng trong nh\u1eefng tr\u01b0\u1eddng h\u1ee3p sau:\u00a0<\/p><p>\u00a0&#8211; H\u00e0ng kh\u00f4ng \u0111\u00fang ch\u1ee7ng lo\u1ea1i, m\u1eabu m\u00e3, size trong \u0111\u01a1n h\u00e0ng \u0111\u00e3 \u0111\u1eb7t.<\/p><p>\u00a0&#8211; Kh\u00f4ng \u0111\u1ee7 s\u1ed1 l\u01b0\u1ee3ng, kh\u00f4ng \u0111\u1ee7 b\u1ed9 nh\u01b0 trong \u0111\u01a1n h\u00e0ng.<\/p><p>\u00a0&#8211; T\u00ecnh tr\u1ea1ng b\u00ean ngo\u00e0i b\u1ecb \u1ea3nh h\u01b0\u1edfng nh\u01b0 r\u00e1ch bao b\u00ec, bong tr\u00f3c,\u2026\u00a0<\/p><p><b>L\u01b0u \u00fd:<\/b> Caleelilou kh\u00f4ng nh\u1eadn \u0111\u1ed5i trong nh\u1eefng tr\u01b0\u1eddng h\u1ee3p sau:\u00a0<\/p><p>&#8211; \u0110\u01a1n h\u00e0ng qu\u00e1 7 ng\u00e0y t\u1eeb ng\u00e0y nh\u1eadn h\u00e0ng\u00a0<\/p><p>&#8211; M\u1ea5t h\u00f3a \u0111\u01a1n mua h\u00e0ng &#8211; S\u1ea3n ph\u1ea9m \u0111\u00e3 c\u1eaft tag, m\u00e1c<\/p><p>\u00a0&#8211; S\u1ea3n ph\u1ea9m sale, ph\u1ee5 ki\u1ec7n&#8230;\u00a0<\/p><p><b>\u0110i\u1ec1u ki\u1ec7n:\u00a0<\/b><\/p><p>&#8211; H\u00f3a \u0111\u01a1n c\u00f2n nguy\u00ean v\u1eb9n,kh\u00f4ng ch\u1ea5p v\u00e1 ho\u1eb7c t\u1ea9y x\u00f3a.\u00a0<\/p><p>&#8211; C\u00f2n trong bao b\u00ec, c\u00f3 d\u00e1n m\u00e3 s\u1ea3n ph\u1ea9m c\u1ee7a Caleelilou.\u00a0<\/p><p>&#8211; Ch\u01b0a qua s\u1eed d\u1ee5ng, gi\u1eb7t \u1ee7i,kh\u00f4ng b\u1ecb d\u00ednh d\u01a1, kh\u00f4ng c\u00f3 m\u00f9i, kh\u00f4ng b\u1ecb h\u01b0 h\u1ecfng, v\u00e0 c\u00f2n nguy\u00ean tem, nh\u00e3n m\u00e1c.\u00a0<\/p><p>&#8211; Kh\u00e1ch h\u00e0ng l\u01b0u gi\u1eef l\u1ea1i h\u00ecnh \u1ea3nh s\u1ef1 thi\u1ebfu s\u00f3t tr\u00ean \u0111\u1ec3 ho\u00e0n th\u00e0nh vi\u1ec7c ho\u00e0n tr\u1ea3\/\u0111\u1ed5i tr\u1ea3 h\u00e0ng h\u00f3a.\u00a0<\/p><p><b>II. Quy \u0111\u1ecbnh v\u1ec1 th\u1eddi gian th\u00f4ng b\u00e1o v\u00e0 g\u1eedi s\u1ea3n ph\u1ea9m \u0111\u1ed5i tr\u1ea3\u00a0<\/b><\/p><p>&#8211; Th\u1eddi gian th\u00f4ng b\u00e1o \u0111\u1ed5i tr\u1ea3: trong v\u00f2ng 3 ng\u00e0y k\u1ec3 t\u1eeb khi nh\u1eadn s\u1ea3n ph\u1ea9m.\u00a0<\/p><p>&#8211; Th\u1eddi gian g\u1eedi chuy\u1ec3n tr\u1ea3 s\u1ea3n ph\u1ea9m: trong v\u00f2ng 7 ng\u00e0y k\u1ec3 t\u1eeb khi nh\u1eadn s\u1ea3n ph\u1ea9m.\u00a0<\/p><p>&#8211; \u0110\u1ecba \u0111i\u1ec3m \u0111\u1ed5i tr\u1ea3 s\u1ea3n ph\u1ea9m: Kh\u00e1ch h\u00e0ng c\u00f3 th\u1ec3 mang h\u00e0ng tr\u1ef1c ti\u1ebfp \u0111\u1ebfn c\u1eeda h\u00e0ng c\u1ee7a ch\u00fang t\u00f4i ho\u1eb7c chuy\u1ec3n qua c\u00e1c d\u1ecbch v\u1ee5 ship h\u00e0ng.\u00a0<\/p><p>&#8211; Trong tr\u01b0\u1eddng h\u1ee3p Qu\u00fd Kh\u00e1ch h\u00e0ng c\u00f3 \u00fd ki\u1ebfn \u0111\u00f3ng g\u00f3p\/khi\u1ebfu n\u1ea1i li\u00ean quan \u0111\u1ebfn ch\u1ea5t l\u01b0\u1ee3ng s\u1ea3n ph\u1ea9m, Qu\u00fd Kh\u00e1ch h\u00e0ng vui l\u00f2ng li\u00ean h\u1ec7 qua fanpage \u0111\u1ec3 \u0111\u01b0\u1ee3c h\u1ed7 tr\u1ee3 nhanh nh\u00e1t.<\/p>\t\t\t\t\t\t\t\t<\/div>\n\t\t\t\t<\/div>\n\t\t\t\t\t<\/div>\n\t\t\t\t<\/div>\n\t\t\t\t<\/div>","protected":false},"excerpt":{"rendered":"<p>Return Policy( Ch\u00ednh s\u00e1ch \u0111\u1ed5i tr\u1ea3) I. Ch\u00ednh s\u00e1ch \u0111\u1ed5i tr\u1ea3\u00a0 Caleelilou kh\u00f4ng ch\u1ea5p nh\u1eadn b\u1ea5t k\u1ef3 y\u00eau c\u1ea7u ho\u00e0n tr\u1ea3 n\u00e0o n\u1ebfu (c\u00e1c) s\u1ea3n ph\u1ea9m kh\u00f4ng c\u00f3 l\u1ed7i t\u1eeb ph\u00eda s\u1ea3n xu\u1ea5t. \u00a01. Mua t\u1ea1i c\u1eeda h\u00e0ng: Th\u1eed v\u00e0 ki\u1ec3m tra k\u0129 h\u00e0ng tr\u01b0\u1edbc khi thanh to\u00e1n, Caleelilou h\u1ed7 tr\u1ee3 \u0111\u1ed5i size\/m\u1eabu trong v\u00f2ng 3 ng\u00e0y v\u00e0 ch\u1ec9 \u0111\u1ed5i duy nh\u1ea5t 1 l\u1ea7n, v\u1edbi \u0111i\u1ec1u ki\u1ec7n s\u1ea3n ph\u1ea9m c\u00f2n nguy\u00ean tag v\u00e0 c\u00f2n gi\u1eef h\u00f3a \u0111\u01a1n mua h\u00e0ng. S\u1ea3n ph\u1ea9m \u0111\u1ed5i m\u1eabu ph\u1ea3i c\u00f3 gi\u00e1 tr\u1ecb b\u1eb1ng ho\u1eb7c cao h\u01a1n s\u1ea3n ph\u1ea9m \u0111\u00e3 mua. N\u1ebfu s\u1ea3n ph\u1ea9m \u0111\u01b0\u1ee3c \u0111\u1ed5i c\u00f3 gi\u00e1 tr\u1ecb th\u1ea5p h\u01a1n s\u1ebd kh\u00f4ng \u0111\u01b0\u1ee3c ho\u00e0n l\u1ea1i ti\u1ec1n. \u00a02. Mua h\u00e0ng online: Caleelilou h\u1ed7 tr\u1ee3 \u0111\u1ed5i size trong v\u00f2ng 7 ng\u00e0y k\u1ec3 t\u1eeb ng\u00e0y nh\u1eadn h\u00e0ng v\u00e0 ch\u1ec9 \u0111\u1ed5i duy nh\u1ea5t 1 l\u1ea7n, v\u1edbi \u0111i\u1ec1u ki\u1ec7n kh\u00e1ch ch\u1ecbu ph\u00ed ship 2 chi\u1ec1u. Qu\u00fd Kh\u00e1ch h\u00e0ng c\u1ea7n ki\u1ec3m tra t\u00ecnh tr\u1ea1ng h\u00e0ng h\u00f3a v\u00e0 c\u00f3 th\u1ec3 \u0111\u1ed5i h\u00e0ng\/ tr\u1ea3 l\u1ea1i h\u00e0ng ngay t\u1ea1i th\u1eddi \u0111i\u1ec3m giao\/nh\u1eadn h\u00e0ng trong nh\u1eefng tr\u01b0\u1eddng h\u1ee3p sau:\u00a0 \u00a0&#8211; H\u00e0ng kh\u00f4ng \u0111\u00fang ch\u1ee7ng lo\u1ea1i, m\u1eabu m\u00e3, size trong \u0111\u01a1n h\u00e0ng \u0111\u00e3 \u0111\u1eb7t. \u00a0&#8211; Kh\u00f4ng \u0111\u1ee7 s\u1ed1 l\u01b0\u1ee3ng, kh\u00f4ng \u0111\u1ee7 b\u1ed9 nh\u01b0 trong \u0111\u01a1n h\u00e0ng. \u00a0&#8211; T\u00ecnh tr\u1ea1ng b\u00ean ngo\u00e0i b\u1ecb \u1ea3nh h\u01b0\u1edfng nh\u01b0 r\u00e1ch bao b\u00ec, bong tr\u00f3c,\u2026\u00a0 L\u01b0u \u00fd: Caleelilou kh\u00f4ng nh\u1eadn \u0111\u1ed5i trong nh\u1eefng tr\u01b0\u1eddng h\u1ee3p sau:\u00a0 &#8211; \u0110\u01a1n h\u00e0ng qu\u00e1 7 ng\u00e0y t\u1eeb ng\u00e0y nh\u1eadn h\u00e0ng\u00a0 &#8211; M\u1ea5t h\u00f3a \u0111\u01a1n mua h\u00e0ng &#8211; S\u1ea3n ph\u1ea9m \u0111\u00e3 c\u1eaft tag, m\u00e1c \u00a0&#8211; S\u1ea3n ph\u1ea9m sale, ph\u1ee5 ki\u1ec7n&#8230;\u00a0 \u0110i\u1ec1u ki\u1ec7n:\u00a0 &#8211; H\u00f3a \u0111\u01a1n c\u00f2n nguy\u00ean v\u1eb9n,kh\u00f4ng ch\u1ea5p v\u00e1 ho\u1eb7c t\u1ea9y x\u00f3a.\u00a0 &#8211; C\u00f2n trong bao b\u00ec, c\u00f3 d\u00e1n m\u00e3 s\u1ea3n ph\u1ea9m c\u1ee7a Caleelilou.\u00a0 &#8211; Ch\u01b0a qua s\u1eed d\u1ee5ng, gi\u1eb7t \u1ee7i,kh\u00f4ng b\u1ecb d\u00ednh d\u01a1, kh\u00f4ng c\u00f3 m\u00f9i, kh\u00f4ng b\u1ecb h\u01b0 h\u1ecfng, v\u00e0 c\u00f2n nguy\u00ean tem, nh\u00e3n m\u00e1c.\u00a0 &#8211; Kh\u00e1ch h\u00e0ng l\u01b0u gi\u1eef l\u1ea1i h\u00ecnh \u1ea3nh s\u1ef1 thi\u1ebfu s\u00f3t tr\u00ean \u0111\u1ec3 ho\u00e0n th\u00e0nh vi\u1ec7c ho\u00e0n tr\u1ea3\/\u0111\u1ed5i tr\u1ea3 h\u00e0ng h\u00f3a.\u00a0 II. Quy \u0111\u1ecbnh v\u1ec1 th\u1eddi gian th\u00f4ng b\u00e1o v\u00e0 g\u1eedi s\u1ea3n ph\u1ea9m \u0111\u1ed5i tr\u1ea3\u00a0 &#8211; Th\u1eddi gian th\u00f4ng b\u00e1o \u0111\u1ed5i tr\u1ea3: trong v\u00f2ng 3 ng\u00e0y k\u1ec3 t\u1eeb khi nh\u1eadn s\u1ea3n ph\u1ea9m.\u00a0 &#8211; Th\u1eddi gian g\u1eedi chuy\u1ec3n tr\u1ea3 s\u1ea3n ph\u1ea9m: trong v\u00f2ng 7 ng\u00e0y k\u1ec3 t\u1eeb khi nh\u1eadn s\u1ea3n ph\u1ea9m.\u00a0 &#8211; \u0110\u1ecba \u0111i\u1ec3m \u0111\u1ed5i tr\u1ea3 s\u1ea3n ph\u1ea9m: Kh\u00e1ch h\u00e0ng c\u00f3 th\u1ec3 mang h\u00e0ng tr\u1ef1c ti\u1ebfp \u0111\u1ebfn c\u1eeda h\u00e0ng c\u1ee7a ch\u00fang t\u00f4i ho\u1eb7c chuy\u1ec3n qua c\u00e1c d\u1ecbch v\u1ee5 ship h\u00e0ng.\u00a0 &#8211; Trong tr\u01b0\u1eddng h\u1ee3p Qu\u00fd Kh\u00e1ch h\u00e0ng c\u00f3 \u00fd ki\u1ebfn \u0111\u00f3ng g\u00f3p\/khi\u1ebfu n\u1ea1i li\u00ean quan \u0111\u1ebfn ch\u1ea5t l\u01b0\u1ee3ng s\u1ea3n ph\u1ea9m, Qu\u00fd Kh\u00e1ch h\u00e0ng vui l\u00f2ng li\u00ean h\u1ec7 qua fanpage \u0111\u1ec3 \u0111\u01b0\u1ee3c h\u1ed7 tr\u1ee3 nhanh nh\u00e1t.<\/p>","protected":false},"author":1,"featured_media":0,"parent":0,"menu_order":0,"comment_status":"closed","ping_status":"closed","template":"elementor_canvas","meta":{"footnotes":""},"class_list":["post-2664","page","type-page","status-publish","hentry"],"_hostinger_reach_plugin_has_subscription_block":false,"_hostinger_reach_plugin_is_elementor":false,"_links":{"self":[{"href":"https:\/\/parreyofficial.com\/vi\/wp-json\/wp\/v2\/pages\/2664","targetHints":{"allow":["GET"]}}],"collection":[{"href":"https:\/\/parreyofficial.com\/vi\/wp-json\/wp\/v2\/pages"}],"about":[{"href":"https:\/\/parreyofficial.com\/vi\/wp-json\/wp\/v2\/types\/page"}],"author":[{"embeddable":true,"href":"https:\/\/parreyofficial.com\/vi\/wp-json\/wp\/v2\/users\/1"}],"replies":[{"embeddable":true,"href":"https:\/\/parreyofficial.com\/vi\/wp-json\/wp\/v2\/comments?post=2664"}],"version-history":[{"count":13,"href":"https:\/\/parreyofficial.com\/vi\/wp-json\/wp\/v2\/pages\/2664\/revisions"}],"predecessor-version":[{"id":2682,"href":"https:\/\/parreyofficial.com\/vi\/wp-json\/wp\/v2\/pages\/2664\/revisions\/2682"}],"wp:attachment":[{"href":"https:\/\/parreyofficial.com\/vi\/wp-json\/wp\/v2\/media?parent=2664"}],"curies":[{"name":"wp","href":"https:\/\/api.w.org\/{rel}","templated":true}]}}